{"id":13071,"date":"2023-09-15T14:53:50","date_gmt":"2023-09-15T12:53:50","guid":{"rendered":"https:\/\/www.multione-schweiz.ch\/conditions\/"},"modified":"2023-09-15T14:54:03","modified_gmt":"2023-09-15T12:54:03","slug":"conditions","status":"publish","type":"page","link":"https:\/\/www.multione-schweiz.ch\/fr\/conditions\/","title":{"rendered":"Conditions"},"content":{"rendered":"<p>[et_pb_section fb_built=\u00a0\u00bb1&Prime; custom_padding_last_edited=\u00a0\u00bbon|phone\u00a0\u00bb module_id=\u00a0\u00bbentreprise\u00a0\u00bb _builder_version=\u00a0\u00bb4.3.3&Prime; background_color=\u00a0\u00bb  #2e2329&Prime; background_enable_image=\u00a0\u00bboff\u00a0\u00bb custom_padding=\u00a0\u00bb160px||160px|||\u00a0\u00bb custom_padding_tablet=\u00a0\u00bb125px||125px|\u00a0\u00bb custom_padding_phone=\u00a0\u00bb75px||75px|\u00a0\u00bb][et_pb_row padding_mobile=\u00a0\u00bboff\u00a0\u00bb column_padding_mobile=\u00a0\u00bbon\u00a0\u00bb _builder_version=\u00a0\u00bb3.25&Prime; background_size=\u00a0\u00bbinitial\u00a0\u00bb background_position=\u00a0\u00bbtop_left\u00a0\u00bb background_repeat=\u00a0\u00bbrepeat\u00a0\u00bb][et_pb_column type=\u00a0\u00bb4_4&Prime; _builder_version=\u00a0\u00bb3.25&Prime; custom_padding=\u00a0\u00bb|||\u00a0\u00bb custom_css_main_element=\u00a0\u00bbmargin-bottom: 0 !important;\u00a0\u00bb custom_padding__hover=\u00a0\u00bb|||\u00a0\u00bb][et_pb_text _builder_version=\u00a0\u00bb4.3.3&Prime; text_font=\u00a0\u00bbMontserrat|||on|||||\u00a0\u00bb text_text_color=\u00a0\u00bb#b41412&Prime; text_font_size=\u00a0\u00bb18px\u00a0\u00bb text_letter_spacing=\u00a0\u00bb7px\u00a0\u00bb quote_font=\u00a0\u00bb||on||||||\u00a0\u00bb header_font=\u00a0\u00bb||||||||\u00a0\u00bb header_2_font=\u00a0\u00bb|700|||||||\u00a0\u00bb header_2_font_size=\u00a0\u00bb48px\u00a0\u00bb header_5_font_size=\u00a0\u00bb18px\u00a0\u00bb text_orientation=\u00a0\u00bbcenter\u00a0\u00bb background_layout=\u00a0\u00bbdark\u00a0\u00bb custom_margin=\u00a0\u00bb||20px\u00a0\u00bb animation_style=\u00a0\u00bbslide\u00a0\u00bb animation_direction=\u00a0\u00bbtop\u00a0\u00bb animation_intensity_slide=\u00a0\u00bb5%\u00a0\u00bb text_font_size_tablet=\u00a0\u00bb\u00a0\u00bb text_font_size_phone=\u00a0\u00bb12px\u00a0\u00bb text_font_size_last_edited=\u00a0\u00bbon|phone\u00a0\u00bb header_2_font_size_tablet=\u00a0\u00bb36px\u00a0\u00bb header_2_font_size_phone=\u00a0\u00bb30px\u00a0\u00bb header_2_font_size_last_edited=\u00a0\u00bbon|phone\u00a0\u00bb header_4_font_size__hover=\u00a0\u00bb18px\u00a0\u00bb header_4_font_size__hover_enabled=\u00a0\u00bb18px\u00a0\u00bb header_4_letter_spacing__hover=\u00a0\u00bb0px\u00a0\u00bb header_4_letter_spacing__hover_enabled=\u00a0\u00bb0px\u00a0\u00bb header_4_line_height__hover=\u00a0\u00bb1em\u00a0\u00bb header_4_line_height__hover_enabled=\u00a0\u00bb1em\u00a0\u00bb header_4_text_shadow_style__hover=\u00a0\u00bbnone\u00a0\u00bb header_4_text_shadow_style__hover_enabled=\u00a0\u00bbnone\u00a0\u00bb header_4_text_shadow_color__hover=\u00a0\u00bbrgba(0,0,0,0.4)\u00a0\u00bb header_4_text_shadow_color__hover_enabled=\u00a0\u00bbrgba(0,0,0,0.4)\u00a0\u00bb][\/et_pb_text][et_pb_image src=\u00a0\u00bbhttps:\/\/www.multione-schweiz.ch\/wp-content\/uploads\/2020\/02\/Multi_Handling_Logo_rot_weiss_RGB.png\u00a0\u00bb _builder_version=\u00a0\u00bb4.3.3&Prime; width=\u00a0\u00bb70%\u00a0\u00bb module_alignment=\u00a0\u00bbcenter\u00a0\u00bb][\/et_pb_image][\/et_pb_column][\/et_pb_row][\/et_pb_section][et_pb_section fb_built=\u00a0\u00bb1&Prime; _builder_version=\u00a0\u00bb4.3.3&Prime; custom_padding=\u00a0\u00bb||94px|||\u00a0\u00bb][et_pb_row _builder_version=\u00a0\u00bb4.3.3&Prime;][et_pb_column type=\u00a0\u00bb4_4&Prime; _builder_version=\u00a0\u00bb4.3.3&Prime;][et_pb_text _builder_version=\u00a0\u00bb4.3.3&Prime; custom_padding=\u00a0\u00bb35px|||||\u00a0\u00bb]<\/p>\n<h2>Conditions<\/h2>\n<\/p>\n<p>[\/et_pb_text][\/et_pb_column][\/et_pb_row][et_pb_row _builder_version=\u00a0\u00bb4.3.3&Prime;][et_pb_column type=\u00a0\u00bb4_4&Prime; _builder_version=\u00a0\u00bb4.3.3&Prime;][et_pb_text _builder_version=\u00a0\u00bb4.3.3&Prime; custom_margin=\u00a0\u00bb||13px|||\u00a0\u00bb]<\/p>\n<h5>Allgemeine Gesch\u00e4ftsbedindungen<\/h5>\n<p>[\/et_pb_text][et_pb_text _builder_version=\u00a0\u00bb4.3.3&Prime;]<\/p>\n<p>\n            <span>Vous trouverez ci-dessous nos conditions g\u00e9n\u00e9rales, nos conditions g\u00e9n\u00e9rales pour les contrats de machines, nos conditions de location et nos conditions de montage.<\/span>\n          <\/p>\n<p>[\/et_pb_text][et_pb_button button_url=\u00a0\u00bbhttps:\/\/www.multione-schweiz.ch\/wp-content\/uploads\/2021\/02\/Multi-Handling-AG_ABG_D_2020.pdf\u00a0\u00bb url_new_window=\u00a0\u00bbon\u00a0\u00bb button_text=\u00a0\u00bbC.A.C.\u00a0\u00bb module_class=\u00a0\u00bbsmallButton\u00a0\u00bb _builder_version=\u00a0\u00bb4.3.3&Prime; custom_button=\u00a0\u00bbon\u00a0\u00bb button_text_size=\u00a0\u00bb12px\u00a0\u00bb button_bg_color=\u00a0\u00bb#b41412&Prime; button_border_color=\u00a0\u00bb#b41412&Prime;][\/et_pb_button][et_pb_button button_url=\u00a0\u00bbhttps:\/\/www.multione-schweiz.ch\/wp-content\/uploads\/2021\/09\/Multi-Handling-AG_Mietbedingungen_D_2021.pdf\u00a0\u00bb url_new_window=\u00a0\u00bbon\u00a0\u00bb button_text=\u00a0\u00bbConditions de location des CGV\u00a0\u00bb module_class=\u00a0\u00bbsmallButton\u00a0\u00bb _builder_version=\u00a0\u00bb4.9.4&Prime; custom_button=\u00a0\u00bbon\u00a0\u00bb button_text_size=\u00a0\u00bb12px\u00a0\u00bb button_bg_color=\u00a0\u00bb#b41412&Prime; button_border_color=\u00a0\u00bb#b41412&Prime; hover_enabled=\u00a0\u00bb0&Prime; sticky_enabled=\u00a0\u00bb0&Prime;][\/et_pb_button][et_pb_button button_url=\u00a0\u00bbhttps:\/\/www.multione-schweiz.ch\/wp-content\/uploads\/2021\/09\/Multi-Handling-AG_Montagebedingungen_D_2021.pdf\u00a0\u00bb url_new_window=\u00a0\u00bbon\u00a0\u00bb button_text=\u00a0\u00bbConditions de montage des CGV\u00a0\u00bb module_class=\u00a0\u00bbsmallButton\u00a0\u00bb _builder_version=\u00a0\u00bb4.9.4&Prime; custom_button=\u00a0\u00bbon\u00a0\u00bb button_text_size=\u00a0\u00bb12px\u00a0\u00bb button_bg_color=\u00a0\u00bb#b41412&Prime; button_border_color=\u00a0\u00bb#b41412&Prime; hover_enabled=\u00a0\u00bb0&Prime; sticky_enabled=\u00a0\u00bb0&Prime;][\/et_pb_button][\/et_pb_column][\/et_pb_row][et_pb_row _builder_version=\u00a0\u00bb4.3.3&Prime;][et_pb_column type=\u00a0\u00bb4_4&Prime; _builder_version=\u00a0\u00bb4.3.3&Prime;][et_pb_text _builder_version=\u00a0\u00bb4.3.3&Prime;]<\/p>\n<\/p>\n<p>[\/et_pb_text][\/et_pb_column][\/et_pb_row][et_pb_row _builder_version=\u00a0\u00bb4.3.3&Prime;][et_pb_column type=\u00a0\u00bb4_4&Prime; _builder_version=\u00a0\u00bb4.3.3&Prime;][et_pb_text _builder_version=\u00a0\u00bb4.3.3&Prime; custom_margin=\u00a0\u00bb||-7px|||\u00a0\u00bb hover_enabled=\u00a0\u00bb0&Prime; sticky_enabled=\u00a0\u00bb0&Prime;][\/et_pb_text][et_pb_text _builder_version=\u00a0\u00bb4.3.3&Prime; custom_padding=\u00a0\u00bb35px|||||\u00a0\u00bb]<\/p>\n<h2>CGV<\/h2>\n<\/p>\n<p>[\/et_pb_text][\/et_pb_column][\/et_pb_row][et_pb_row _builder_version=\u00a0\u00bb4.3.3&Prime;][et_pb_column type=\u00a0\u00bb4_4&Prime; _builder_version=\u00a0\u00bb4.3.3&Prime;][et_pb_text _builder_version=\u00a0\u00bb4.3.3&Prime; custom_margin=\u00a0\u00bb||13px|||\u00a0\u00bb]<\/p>\n<h5>Conditions g\u00e9n\u00e9rales de ventes<\/h5>\n<p>[\/et_pb_text][et_pb_text _builder_version=\u00a0\u00bb4.3.3&Prime;]<\/p>\n<p>Vous trouverez ci-dessous nos conditions g\u00e9n\u00e9rales, nos conditions de contrastes de machines, nos conditions de localisation, nos conditions de montage.<\/p>\n<p>[\/et_pb_text][et_pb_button button_url=\u00a0\u00bbhttps:\/\/www.multione-schweiz.ch\/wp-content\/uploads\/2021\/02\/Multi-Handling-AG_ABG_FR_2020.pdf\u00a0\u00bb url_new_window=\u00a0\u00bbon\u00a0\u00bb button_text=\u00a0\u00bb Contrats de machine\u00a0\u00bb module_class=\u00a0\u00bbsmallButton\u00a0\u00bb _builder_version=\u00a0\u00bb4.3.3&Prime; custom_button=\u00a0\u00bbon\u00a0\u00bb button_text_size=\u00a0\u00bb12px\u00a0\u00bb button_bg_color=\u00a0\u00bb#b41412&Prime; button_border_color=\u00a0\u00bb#b41412&Prime;][\/et_pb_button][et_pb_button button_url=\u00a0\u00bbhttps:\/\/www.multione-schweiz.ch\/wp-content\/uploads\/2021\/09\/Multi-Handling-AG_Conditions-de-location_FR_2021.pdf\u00a0\u00bb url_new_window=\u00a0\u00bbon\u00a0\u00bb button_text=\u00a0\u00bbConditions de location\u00a0\u00bb module_class=\u00a0\u00bbsmallButton\u00a0\u00bb _builder_version=\u00a0\u00bb4.9.4&Prime; custom_button=\u00a0\u00bbon\u00a0\u00bb button_text_size=\u00a0\u00bb12px\u00a0\u00bb button_bg_color=\u00a0\u00bb#b41412&Prime; button_border_color=\u00a0\u00bb#b41412&Prime; hover_enabled=\u00a0\u00bb0&Prime; sticky_enabled=\u00a0\u00bb0&Prime;][\/et_pb_button][et_pb_button button_url=\u00a0\u00bbhttps:\/\/www.multione-schweiz.ch\/wp-content\/uploads\/2021\/09\/Multi-Handling-AG_Conditions-dinstallation_FR_2021.pdf\u00a0\u00bb url_new_window=\u00a0\u00bbon\u00a0\u00bb button_text=\u00a0\u00bbConditions d\u2019installation\u00a0\u00bb module_class=\u00a0\u00bbsmallButton\u00a0\u00bb _builder_version=\u00a0\u00bb4.9.4&Prime; custom_button=\u00a0\u00bbon\u00a0\u00bb button_text_size=\u00a0\u00bb12px\u00a0\u00bb button_bg_color=\u00a0\u00bb#b41412&Prime; button_border_color=\u00a0\u00bb#b41412&Prime; hover_enabled=\u00a0\u00bb0&Prime; sticky_enabled=\u00a0\u00bb0&Prime;][\/et_pb_button][\/et_pb_column][\/et_pb_row][\/et_pb_section][et_pb_section fb_built=\u00a0\u00bb1&Prime; _builder_version=\u00a0\u00bb4.3.3&Prime; background_color=\u00a0\u00bb#b41412&Prime;][et_pb_row _builder_version=\u00a0\u00bb4.2.1&Prime; custom_padding=\u00a0\u00bb1px|||||\u00a0\u00bb][et_pb_column type=\u00a0\u00bb4_4&Prime; _builder_version=\u00a0\u00bb4.2.1&Prime;][et_pb_text _builder_version=\u00a0\u00bb4.3.3&Prime;]<\/p>\n<p>[\/et_pb_text][\/et_pb_column][\/et_pb_row][\/et_pb_section][et_pb_section fb_built=\u00a0\u00bb1&Prime; module_id=\u00a0\u00bbfooter\u00a0\u00bb _builder_version=\u00a0\u00bb4.3.3&Prime; background_color=\u00a0\u00bb#f9f9f9&Prime; custom_padding=\u00a0\u00bb50px||43px||false|false\u00a0\u00bb custom_padding_tablet=\u00a0\u00bb0px||0px|\u00a0\u00bb transparent_background=\u00a0\u00bboff\u00a0\u00bb padding_mobile=\u00a0\u00bbon\u00a0\u00bb global_module=\u00a0\u00bb191&Prime;][et_pb_row column_structure=\u00a0\u00bb1_4,1_4,1_4,1_4&Prime; _builder_version=\u00a0\u00bb4.3.3&Prime; custom_padding=\u00a0\u00bb13px||||false|false\u00a0\u00bb][et_pb_column type=\u00a0\u00bb1_4&Prime; _builder_version=\u00a0\u00bb4.2.2&Prime;][et_pb_text _builder_version=\u00a0\u00bb4.3.3&Prime; header_font_size=\u00a0\u00bb43px\u00a0\u00bb header_3_font_size=\u00a0\u00bb20px\u00a0\u00bb header_5_text_color=\u00a0\u00bb#b41412&Prime; header_5_font_size=\u00a0\u00bb14px\u00a0\u00bb header_5_letter_spacing=\u00a0\u00bb2px\u00a0\u00bb custom_margin=\u00a0\u00bb||10px|||\u00a0\u00bb]<\/p>\n<h5>nos marques<\/h5>\n<p>[\/et_pb_text][et_pb_image src=\u00a0\u00bbhttps:\/\/www.multione-schweiz.ch\/wp-content\/uploads\/2020\/08\/Markelnlogos_Block_Juli2020-1.png\u00a0\u00bb _builder_version=\u00a0\u00bb4.3.3&Prime; width=\u00a0\u00bb65%\u00a0\u00bb][\/et_pb_image][\/et_pb_column][et_pb_column type=\u00a0\u00bb1_4&Prime; _builder_version=\u00a0\u00bb4.2.2&Prime;][et_pb_text _builder_version=\u00a0\u00bb4.3.3&Prime; header_font_size=\u00a0\u00bb43px\u00a0\u00bb header_3_font_size=\u00a0\u00bb20px\u00a0\u00bb header_5_text_color=\u00a0\u00bb#b41412&Prime; header_5_font_size=\u00a0\u00bb14px\u00a0\u00bb header_5_letter_spacing=\u00a0\u00bb2px\u00a0\u00bb link_option_url=\u00a0\u00bbhttps:\/\/www.multione-schweiz.ch\/impressum\/\u00a0\u00bb]<\/p>\n<h5>Multihandling AG<\/h5>\n<p>[\/et_pb_text][et_pb_text _builder_version=\u00a0\u00bb4.3.3&Prime; text_text_color=\u00a0\u00bb#b41412&Prime; header_font_size=\u00a0\u00bb43px\u00a0\u00bb header_3_font_size=\u00a0\u00bb20px\u00a0\u00bb header_5_text_color=\u00a0\u00bb#b41412&Prime; header_5_font_size=\u00a0\u00bb14px\u00a0\u00bb]<\/p>\n<p>Machines.<br \/>services.<br \/>success.<\/p>\n<p>[\/et_pb_text][\/et_pb_column][et_pb_column type=\u00a0\u00bb1_4&Prime; _builder_version=\u00a0\u00bb4.2.2&Prime;][et_pb_text _builder_version=\u00a0\u00bb4.3.3&Prime; header_font_size=\u00a0\u00bb43px\u00a0\u00bb header_3_font_size=\u00a0\u00bb20px\u00a0\u00bb header_5_text_color=\u00a0\u00bb#b41412&Prime; header_5_font_size=\u00a0\u00bb14px\u00a0\u00bb header_5_letter_spacing=\u00a0\u00bb3px\u00a0\u00bb custom_margin=\u00a0\u00bb||1px|||\u00a0\u00bb link_option_url=\u00a0\u00bbhttps:\/\/www.multione-schweiz.ch\/datenschutz\/\u00a0\u00bb]<\/p>\n<h5 style=\"text-align: left;\">Rechtliches &amp; Social Media<\/h5>\n<p>[\/et_pb_text][et_pb_text _builder_version=\u00a0\u00bb4.3.3&Prime; text_text_color=\u00a0\u00bb#b41412&Prime; header_font_size=\u00a0\u00bb43px\u00a0\u00bb header_3_font_size=\u00a0\u00bb20px\u00a0\u00bb header_5_text_color=\u00a0\u00bb#b41412&Prime; header_5_font_size=\u00a0\u00bb14px\u00a0\u00bb custom_margin=\u00a0\u00bb-12px||||false|false\u00a0\u00bb custom_padding=\u00a0\u00bb0px||0px||false|false\u00a0\u00bb]<\/p>\n<p><span style=\"color: #b41412;\"><a href=\"https:\/\/www.multione-schweiz.ch\/impressum\/\" style=\"color: #b41412;\">Impressum<\/a><\/span><br \/> <span style=\"color: #b41412;\"><a href=\"https:\/\/www.multione-schweiz.ch\/datenschutz\/\" style=\"color: #b41412;\">Datenschutz<br \/><\/a><\/span><span style=\"color: #b41412;\"><a href=\"https:\/\/www.multione-schweiz.ch\/AGB\" style=\"color: #b41412;\">AGB<br \/><\/a><\/span> <\/p>\n<p>[\/et_pb_text][et_pb_social_media_follow _builder_version=\u00a0\u00bb4.3.3&Prime;][et_pb_social_media_follow_network social_network=\u00a0\u00bbfacebook\u00a0\u00bb url=\u00a0\u00bbhttps:\/\/www.facebook.com\/multihandling\/\u00a0\u00bb use_icon_font_size=\u00a0\u00bbon\u00a0\u00bb icon_font_size=\u00a0\u00bb19px\u00a0\u00bb _builder_version=\u00a0\u00bb4.3.3&Prime; background_color=\u00a0\u00bb#b41412&Prime; background_enable_color=\u00a0\u00bbon\u00a0\u00bb follow_button=\u00a0\u00bboff\u00a0\u00bb url_new_window=\u00a0\u00bbon\u00a0\u00bb]facebook[\/et_pb_social_media_follow_network][et_pb_social_media_follow_network social_network=\u00a0\u00bbinstagram\u00a0\u00bb url=\u00a0\u00bbhttps:\/\/instagram.com\/multi_handling?igshid=zulhr7dvrvug\u00a0\u00bb use_icon_font_size=\u00a0\u00bbon\u00a0\u00bb icon_font_size=\u00a0\u00bb19px\u00a0\u00bb _builder_version=\u00a0\u00bb4.3.3&Prime; background_color=\u00a0\u00bb#b41412&Prime; background_enable_color=\u00a0\u00bbon\u00a0\u00bb follow_button=\u00a0\u00bboff\u00a0\u00bb url_new_window=\u00a0\u00bbon\u00a0\u00bb]instagram[\/et_pb_social_media_follow_network][et_pb_social_media_follow_network social_network=\u00a0\u00bblinkedin\u00a0\u00bb url=\u00a0\u00bbhttps:\/\/www.linkedin.com\/company\/multi-handling-ag\u00a0\u00bb use_icon_font_size=\u00a0\u00bbon\u00a0\u00bb icon_font_size=\u00a0\u00bb19px\u00a0\u00bb _builder_version=\u00a0\u00bb4.3.3&Prime; background_color=\u00a0\u00bb#b41412&Prime; background_enable_color=\u00a0\u00bbon\u00a0\u00bb follow_button=\u00a0\u00bboff\u00a0\u00bb url_new_window=\u00a0\u00bbon\u00a0\u00bb]linkedin[\/et_pb_social_media_follow_network][\/et_pb_social_media_follow][\/et_pb_column][et_pb_column type=\u00a0\u00bb1_4&Prime; _builder_version=\u00a0\u00bb4.2.2&Prime;][et_pb_text _builder_version=\u00a0\u00bb4.3.3&Prime; header_font_size=\u00a0\u00bb43px\u00a0\u00bb header_3_font_size=\u00a0\u00bb20px\u00a0\u00bb header_5_text_color=\u00a0\u00bb#b41412&Prime; header_5_font_size=\u00a0\u00bb14px\u00a0\u00bb header_5_letter_spacing=\u00a0\u00bb2px\u00a0\u00bb]<\/p>\n<h5>Contact<\/h5>\n<p>[\/et_pb_text][et_pb_text _builder_version=\u00a0\u00bb4.9.4&Prime; text_text_color=\u00a0\u00bb#b41412&Prime; header_font_size=\u00a0\u00bb43px\u00a0\u00bb header_3_font_size=\u00a0\u00bb20px\u00a0\u00bb header_5_text_color=\u00a0\u00bb#b41412&Prime; header_5_font_size=\u00a0\u00bb14px\u00a0\u00bb]Multi-Handling AG<br \/>\nRue St. Urbanstrasse 34<br \/>\n4914 Roggwil BE<\/p>\n<p><span style=\"color: #339966;\"><a href=\"tel:+41625573790\" style=\"color: #b41412;\">+41 62 557 37 90<\/a><\/span><br \/>\n<span style=\"color: #00ff00;\"><a href=\"mailto:info@multione-schweiz.ch\" style=\"color: #b41412;\"><span style=\"color: #b41412;\">info@multione-schweiz.ch<\/span><\/a><\/span>[\/et_pb_text][\/et_pb_column][\/et_pb_row][\/et_pb_section]<\/p>\n","protected":false},"excerpt":{"rendered":"<p>Conditions Allgemeine Gesch\u00e4ftsbedindungen Vous trouverez ci-dessous nos conditions g\u00e9n\u00e9rales, nos conditions g\u00e9n\u00e9rales pour les contrats de machines, nos conditions de location et nos conditions de montage. CGV Conditions g\u00e9n\u00e9rales de ventesVous trouverez ci-dessous nos conditions g\u00e9n\u00e9rales, nos conditions de contrastes de machines, nos conditions de localisation, nos conditions de montage. nos marquesMultihandling AGMachines.services.success.Rechtliches &amp; Social [&hellip;]<\/p>\n","protected":false},"author":1,"featured_media":0,"parent":0,"menu_order":0,"comment_status":"closed","ping_status":"closed","template":"","meta":{"_et_pb_use_builder":"on","_et_pb_old_content":"","_et_gb_content_width":""},"yoast_head":"<!-- This site is optimized with the Yoast SEO plugin v20.6 - https:\/\/yoast.com\/wordpress\/plugins\/seo\/ -->\n<title>Conditions - Multione Schweiz<\/title>\n<meta name=\"robots\" content=\"index, follow, max-snippet:-1, max-image-preview:large, max-video-preview:-1\" \/>\n<link rel=\"canonical\" href=\"https:\/\/www.multione-schweiz.ch\/fr\/conditions\/\" \/>\n<meta name=\"twitter:card\" content=\"summary_large_image\" \/>\n<meta name=\"twitter:title\" content=\"Conditions - Multione Schweiz\" \/>\n<meta name=\"twitter:description\" content=\"Conditions Allgemeine Gesch\u00e4ftsbedindungen Vous trouverez ci-dessous nos conditions g\u00e9n\u00e9rales, nos conditions g\u00e9n\u00e9rales pour les contrats de machines, nos conditions de location et nos conditions de montage. CGV Conditions g\u00e9n\u00e9rales de ventesVous trouverez ci-dessous nos conditions g\u00e9n\u00e9rales, nos conditions de contrastes de machines, nos conditions de localisation, nos conditions de montage. nos marquesMultihandling AGMachines.services.success.Rechtliches &amp; Social [&hellip;]\" \/>\n<meta name=\"twitter:label1\" content=\"Dur\u00e9e de lecture estim\u00e9e\" \/>\n\t<meta name=\"twitter:data1\" content=\"7 minutes\" \/>\n<script type=\"application\/ld+json\" class=\"yoast-schema-graph\">{\"@context\":\"https:\/\/schema.org\",\"@graph\":[{\"@type\":\"WebPage\",\"@id\":\"https:\/\/www.multione-schweiz.ch\/fr\/conditions\/\",\"url\":\"https:\/\/www.multione-schweiz.ch\/fr\/conditions\/\",\"name\":\"Conditions - Multione Schweiz\",\"isPartOf\":{\"@id\":\"https:\/\/www.multione-schweiz.ch\/fr\/#website\"},\"datePublished\":\"2023-09-15T12:53:50+00:00\",\"dateModified\":\"2023-09-15T12:54:03+00:00\",\"breadcrumb\":{\"@id\":\"https:\/\/www.multione-schweiz.ch\/fr\/conditions\/#breadcrumb\"},\"inLanguage\":\"fr-FR\",\"potentialAction\":[{\"@type\":\"ReadAction\",\"target\":[\"https:\/\/www.multione-schweiz.ch\/fr\/conditions\/\"]}]},{\"@type\":\"BreadcrumbList\",\"@id\":\"https:\/\/www.multione-schweiz.ch\/fr\/conditions\/#breadcrumb\",\"itemListElement\":[{\"@type\":\"ListItem\",\"position\":1,\"name\":\"Startseite\",\"item\":\"https:\/\/www.multione-schweiz.ch\/fr\/maison\/\"},{\"@type\":\"ListItem\",\"position\":2,\"name\":\"Conditions\"}]},{\"@type\":\"WebSite\",\"@id\":\"https:\/\/www.multione-schweiz.ch\/fr\/#website\",\"url\":\"https:\/\/www.multione-schweiz.ch\/fr\/\",\"name\":\"Multione Schweiz\",\"description\":\"machines.services.success.\",\"potentialAction\":[{\"@type\":\"SearchAction\",\"target\":{\"@type\":\"EntryPoint\",\"urlTemplate\":\"https:\/\/www.multione-schweiz.ch\/fr\/?s={search_term_string}\"},\"query-input\":\"required name=search_term_string\"}],\"inLanguage\":\"fr-FR\"}]}<\/script>\n<!-- \/ Yoast SEO plugin. -->","yoast_head_json":{"title":"Conditions - Multione Schweiz","robots":{"index":"index","follow":"follow","max-snippet":"max-snippet:-1","max-image-preview":"max-image-preview:large","max-video-preview":"max-video-preview:-1"},"canonical":"https:\/\/www.multione-schweiz.ch\/fr\/conditions\/","twitter_card":"summary_large_image","twitter_title":"Conditions - Multione Schweiz","twitter_description":"Conditions Allgemeine Gesch\u00e4ftsbedindungen Vous trouverez ci-dessous nos conditions g\u00e9n\u00e9rales, nos conditions g\u00e9n\u00e9rales pour les contrats de machines, nos conditions de location et nos conditions de montage. CGV Conditions g\u00e9n\u00e9rales de ventesVous trouverez ci-dessous nos conditions g\u00e9n\u00e9rales, nos conditions de contrastes de machines, nos conditions de localisation, nos conditions de montage. nos marquesMultihandling AGMachines.services.success.Rechtliches &amp; Social [&hellip;]","twitter_misc":{"Dur\u00e9e de lecture estim\u00e9e":"7 minutes"},"schema":{"@context":"https:\/\/schema.org","@graph":[{"@type":"WebPage","@id":"https:\/\/www.multione-schweiz.ch\/fr\/conditions\/","url":"https:\/\/www.multione-schweiz.ch\/fr\/conditions\/","name":"Conditions - Multione Schweiz","isPartOf":{"@id":"https:\/\/www.multione-schweiz.ch\/fr\/#website"},"datePublished":"2023-09-15T12:53:50+00:00","dateModified":"2023-09-15T12:54:03+00:00","breadcrumb":{"@id":"https:\/\/www.multione-schweiz.ch\/fr\/conditions\/#breadcrumb"},"inLanguage":"fr-FR","potentialAction":[{"@type":"ReadAction","target":["https:\/\/www.multione-schweiz.ch\/fr\/conditions\/"]}]},{"@type":"BreadcrumbList","@id":"https:\/\/www.multione-schweiz.ch\/fr\/conditions\/#breadcrumb","itemListElement":[{"@type":"ListItem","position":1,"name":"Startseite","item":"https:\/\/www.multione-schweiz.ch\/fr\/maison\/"},{"@type":"ListItem","position":2,"name":"Conditions"}]},{"@type":"WebSite","@id":"https:\/\/www.multione-schweiz.ch\/fr\/#website","url":"https:\/\/www.multione-schweiz.ch\/fr\/","name":"Multione Schweiz","description":"machines.services.success.","potentialAction":[{"@type":"SearchAction","target":{"@type":"EntryPoint","urlTemplate":"https:\/\/www.multione-schweiz.ch\/fr\/?s={search_term_string}"},"query-input":"required name=search_term_string"}],"inLanguage":"fr-FR"}]}},"_links":{"self":[{"href":"https:\/\/www.multione-schweiz.ch\/fr\/wp-json\/wp\/v2\/pages\/13071"}],"collection":[{"href":"https:\/\/www.multione-schweiz.ch\/fr\/wp-json\/wp\/v2\/pages"}],"about":[{"href":"https:\/\/www.multione-schweiz.ch\/fr\/wp-json\/wp\/v2\/types\/page"}],"author":[{"embeddable":true,"href":"https:\/\/www.multione-schweiz.ch\/fr\/wp-json\/wp\/v2\/users\/1"}],"replies":[{"embeddable":true,"href":"https:\/\/www.multione-schweiz.ch\/fr\/wp-json\/wp\/v2\/comments?post=13071"}],"version-history":[{"count":2,"href":"https:\/\/www.multione-schweiz.ch\/fr\/wp-json\/wp\/v2\/pages\/13071\/revisions"}],"predecessor-version":[{"id":13073,"href":"https:\/\/www.multione-schweiz.ch\/fr\/wp-json\/wp\/v2\/pages\/13071\/revisions\/13073"}],"wp:attachment":[{"href":"https:\/\/www.multione-schweiz.ch\/fr\/wp-json\/wp\/v2\/media?parent=13071"}],"curies":[{"name":"wp","href":"https:\/\/api.w.org\/{rel}","templated":true}]}}