{"id":13074,"date":"2023-09-15T14:55:36","date_gmt":"2023-09-15T12:55:36","guid":{"rendered":"https:\/\/www.multione-schweiz.ch\/conditions-2\/"},"modified":"2023-09-15T14:55:43","modified_gmt":"2023-09-15T12:55:43","slug":"conditions-2","status":"publish","type":"page","link":"https:\/\/www.multione-schweiz.ch\/fr\/conditions-2\/","title":{"rendered":"Conditions"},"content":{"rendered":"<p>[et_pb_section fb_built=\u00a0\u00bb1&Prime; fullwidth=\u00a0\u00bbon\u00a0\u00bb _builder_version=\u00a0\u00bb4.16&Prime; hover_enabled=\u00a0\u00bb0&Prime; global_colors_info=\u00a0\u00bb{}\u00a0\u00bb sticky_enabled=\u00a0\u00bb0&Prime;][et_pb_fullwidth_image src=\u00a0\u00bbhttps:\/\/www.multione-schweiz.ch\/wp-content\/uploads\/2020\/03\/SLIDER1_MULTIONE.jpg\u00a0\u00bb _builder_version=\u00a0\u00bb4.17.1&Prime; custom_padding=\u00a0\u00bb||0px|||\u00a0\u00bb hover_enabled=\u00a0\u00bb0&Prime; global_colors_info=\u00a0\u00bb{}\u00a0\u00bb title_text=\u00a0\u00bbSLIDER1_MULTIONE\u00a0\u00bb sticky_enabled=\u00a0\u00bb0&Prime; width=\u00a0\u00bb60%\u00a0\u00bb module_alignment=\u00a0\u00bbcenter\u00a0\u00bb][\/et_pb_fullwidth_image][\/et_pb_section][et_pb_section fb_built=\u00a0\u00bb1&Prime; module_id=\u00a0\u00bbabout\u00a0\u00bb module_class=\u00a0\u00bbsectionPic\u00a0\u00bb _builder_version=\u00a0\u00bb4.16&Prime; custom_padding=\u00a0\u00bb0px||0px|\u00a0\u00bb custom_padding_tablet=\u00a0\u00bb0px||0px|\u00a0\u00bb transparent_background=\u00a0\u00bboff\u00a0\u00bb padding_mobile=\u00a0\u00bbon\u00a0\u00bb global_colors_info=\u00a0\u00bb{}\u00a0\u00bb][et_pb_row column_structure=\u00a0\u00bb1_2,1_2&Prime; use_custom_gutter=\u00a0\u00bbon\u00a0\u00bb gutter_width=\u00a0\u00bb0&Prime; padding_mobile=\u00a0\u00bbon\u00a0\u00bb make_equal=\u00a0\u00bbon\u00a0\u00bb column_padding_mobile=\u00a0\u00bbon\u00a0\u00bb module_class=\u00a0\u00bbrowPic et_pb_row_fullwidth\u00a0\u00bb _builder_version=\u00a0\u00bb4.16&Prime; background_size=\u00a0\u00bbinitial\u00a0\u00bb background_position=\u00a0\u00bbtop_left\u00a0\u00bb background_repeat=\u00a0\u00bbrepeat\u00a0\u00bb width=\u00a0\u00bb1080px\u00a0\u00bb width_tablet=\u00a0\u00bb100%\u00a0\u00bb width_phone=\u00a0\u00bb\u00a0\u00bb width_last_edited=\u00a0\u00bbon|desktop\u00a0\u00bb max_width_tablet=\u00a0\u00bb100%\u00a0\u00bb max_width_phone=\u00a0\u00bb\u00a0\u00bb max_width_last_edited=\u00a0\u00bbon|desktop\u00a0\u00bb custom_padding=\u00a0\u00bb49px||0px|||\u00a0\u00bb make_fullwidth=\u00a0\u00bbon\u00a0\u00bb locked=\u00a0\u00bboff\u00a0\u00bb global_colors_info=\u00a0\u00bb{}\u00a0\u00bb][et_pb_column type=\u00a0\u00bb1_2&Prime; module_class=\u00a0\u00bbrowPicText\u00a0\u00bb _builder_version=\u00a0\u00bb4.16&Prime; custom_padding=\u00a0\u00bb|||\u00a0\u00bb global_colors_info=\u00a0\u00bb{}\u00a0\u00bb custom_padding__hover=\u00a0\u00bb|||\u00a0\u00bb][et_pb_text _builder_version=\u00a0\u00bb4.17.1&Prime; header_3_text_color=\u00a0\u00bb#147cc2&Prime; header_3_font_size=\u00a0\u00bb23px\u00a0\u00bb min_height=\u00a0\u00bb60px\u00a0\u00bb hover_enabled=\u00a0\u00bb0&Prime; global_colors_info=\u00a0\u00bb{}\u00a0\u00bb sticky_enabled=\u00a0\u00bb0&Prime;]<\/p>\n<h3>Conditions<\/h3>\n<p>[\/et_pb_text][et_pb_button button_url=\u00a0\u00bbhttps:\/\/www.multione-schweiz.ch\/wp-content\/uploads\/2022\/09\/AGBs-fur-Maschinenvertrage_April-2020.pdf\u00a0\u00bb button_text=\u00a0\u00bbConditions\u00a0\u00bb _builder_version=\u00a0\u00bb4.17.1&Prime; custom_button=\u00a0\u00bbon\u00a0\u00bb button_text_size=\u00a0\u00bb13px\u00a0\u00bb button_bg_color=\u00a0\u00bb#147cc2&Prime; button_border_color=\u00a0\u00bb#ffffff\u00a0\u00bb hover_enabled=\u00a0\u00bb0&Prime; global_colors_info=\u00a0\u00bb{}\u00a0\u00bb button_bg_enable_color=\u00a0\u00bbon\u00a0\u00bb sticky_enabled=\u00a0\u00bb0&Prime;][\/et_pb_button][et_pb_button button_url=\u00a0\u00bbhttps:\/\/www.multione-schweiz.ch\/wp-content\/uploads\/2022\/09\/Montagebedingungen_September-2021.pdf\u00a0\u00bb url_new_window=\u00a0\u00bbon\u00a0\u00bb button_text=\u00a0\u00bbConditions de montage\u00a0\u00bb _builder_version=\u00a0\u00bb4.17.1&Prime; custom_button=\u00a0\u00bbon\u00a0\u00bb button_text_size=\u00a0\u00bb13px\u00a0\u00bb button_bg_color=\u00a0\u00bb#147cc2&Prime; button_border_color=\u00a0\u00bb#ffffff\u00a0\u00bb hover_enabled=\u00a0\u00bb0&Prime; global_colors_info=\u00a0\u00bb{}\u00a0\u00bb button_bg_enable_color=\u00a0\u00bbon\u00a0\u00bb sticky_enabled=\u00a0\u00bb0&Prime;][\/et_pb_button][et_pb_button button_url=\u00a0\u00bbhttps:\/\/www.multione-schweiz.ch\/wp-content\/uploads\/2022\/09\/Mietbedingungen_September-2021.pdf\u00a0\u00bb button_text=\u00a0\u00bbConditions de location\u00a0\u00bb _builder_version=\u00a0\u00bb4.17.1&Prime; custom_button=\u00a0\u00bbon\u00a0\u00bb button_text_size=\u00a0\u00bb13px\u00a0\u00bb button_bg_color=\u00a0\u00bb#147cc2&Prime; button_border_color=\u00a0\u00bb#ffffff\u00a0\u00bb hover_enabled=\u00a0\u00bb0&Prime; global_colors_info=\u00a0\u00bb{}\u00a0\u00bb button_bg_enable_color=\u00a0\u00bbon\u00a0\u00bb sticky_enabled=\u00a0\u00bb0&Prime;][\/et_pb_button][\/et_pb_column][et_pb_column type=\u00a0\u00bb1_2&Prime; module_class=\u00a0\u00bbrowPicText\u00a0\u00bb _builder_version=\u00a0\u00bb4.16&Prime; custom_padding=\u00a0\u00bb|||\u00a0\u00bb global_colors_info=\u00a0\u00bb{}\u00a0\u00bb custom_padding__hover=\u00a0\u00bb|||\u00a0\u00bb][et_pb_text _builder_version=\u00a0\u00bb4.17.1&Prime; header_3_text_color=\u00a0\u00bb#147cc2&Prime; header_3_font_size=\u00a0\u00bb23px\u00a0\u00bb min_height=\u00a0\u00bb60px\u00a0\u00bb hover_enabled=\u00a0\u00bb0&Prime; global_colors_info=\u00a0\u00bb{}\u00a0\u00bb sticky_enabled=\u00a0\u00bb0&Prime;]<\/p>\n<h3>Termes et conditions<\/h3>\n<p>[\/et_pb_text][et_pb_button button_url=\u00a0\u00bbhttps:\/\/www.multione-schweiz.ch\/wp-content\/uploads\/2022\/09\/Conditions-generales-pour-les-contrats-de-machine_Avril-2020.pdf\u00a0\u00bb url_new_window=\u00a0\u00bbon\u00a0\u00bb button_text=\u00a0\u00bbConditions g\u00e9n\u00e9rales\u00a0\u00bb _builder_version=\u00a0\u00bb4.17.1&Prime; custom_button=\u00a0\u00bbon\u00a0\u00bb button_text_size=\u00a0\u00bb13px\u00a0\u00bb button_bg_color=\u00a0\u00bb#147cc2&Prime; button_border_color=\u00a0\u00bb#ffffff\u00a0\u00bb hover_enabled=\u00a0\u00bb0&Prime; global_colors_info=\u00a0\u00bb{}\u00a0\u00bb button_bg_enable_color=\u00a0\u00bbon\u00a0\u00bb sticky_enabled=\u00a0\u00bb0&Prime;][\/et_pb_button][et_pb_button button_url=\u00a0\u00bbhttps:\/\/www.multione-schweiz.ch\/wp-content\/uploads\/2022\/09\/Conditions-de-location_Septembre-2021.pdf\u00a0\u00bb url_new_window=\u00a0\u00bbon\u00a0\u00bb button_text=\u00a0\u00bbConditions de location\u00a0\u00bb _builder_version=\u00a0\u00bb4.17.1&Prime; custom_button=\u00a0\u00bbon\u00a0\u00bb button_text_size=\u00a0\u00bb13px\u00a0\u00bb button_bg_color=\u00a0\u00bb#147cc2&Prime; button_border_color=\u00a0\u00bb#ffffff\u00a0\u00bb hover_enabled=\u00a0\u00bb0&Prime; global_colors_info=\u00a0\u00bb{}\u00a0\u00bb button_bg_enable_color=\u00a0\u00bbon\u00a0\u00bb sticky_enabled=\u00a0\u00bb0&Prime;][\/et_pb_button][et_pb_button button_url=\u00a0\u00bbhttps:\/\/www.multione-schweiz.ch\/wp-content\/uploads\/2022\/09\/Conditions-dinstallation_Septembre-2021.pdf\u00a0\u00bb button_text=\u00a0\u00bbConditions d\u2019installation\u00a0\u00bb _builder_version=\u00a0\u00bb4.17.1&Prime; custom_button=\u00a0\u00bbon\u00a0\u00bb button_text_size=\u00a0\u00bb13px\u00a0\u00bb button_bg_color=\u00a0\u00bb#147cc2&Prime; button_border_color=\u00a0\u00bb#ffffff\u00a0\u00bb hover_enabled=\u00a0\u00bb0&Prime; global_colors_info=\u00a0\u00bb{}\u00a0\u00bb button_bg_enable_color=\u00a0\u00bbon\u00a0\u00bb sticky_enabled=\u00a0\u00bb0&Prime;][\/et_pb_button][\/et_pb_column][\/et_pb_row][\/et_pb_section][et_pb_section fb_built=\u00a0\u00bb1&Prime; _builder_version=\u00a0\u00bb4.16&Prime; global_colors_info=\u00a0\u00bb{}\u00a0\u00bb][et_pb_row _builder_version=\u00a0\u00bb4.16&Prime; global_colors_info=\u00a0\u00bb{}\u00a0\u00bb][et_pb_column type=\u00a0\u00bb4_4&Prime; _builder_version=\u00a0\u00bb4.16&Prime; global_colors_info=\u00a0\u00bb{}\u00a0\u00bb][et_pb_text _builder_version=\u00a0\u00bb4.16&Prime; global_colors_info=\u00a0\u00bb{}\u00a0\u00bb]<\/p>\n<\/p>\n<p>[\/et_pb_text][\/et_pb_column][\/et_pb_row][\/et_pb_section][et_pb_section fb_built=\u00a0\u00bb1&Prime; _builder_version=\u00a0\u00bb4.16&Prime; global_colors_info=\u00a0\u00bb{}\u00a0\u00bb][et_pb_row _builder_version=\u00a0\u00bb4.17.1&Prime; background_color=\u00a0\u00bb#147cc2&Prime; width=\u00a0\u00bb100%\u00a0\u00bb max_width=\u00a0\u00bb2560px\u00a0\u00bb custom_padding=\u00a0\u00bb||23px|||\u00a0\u00bb hover_enabled=\u00a0\u00bb0&Prime; global_colors_info=\u00a0\u00bb{}\u00a0\u00bb sticky_enabled=\u00a0\u00bb0&Prime;][et_pb_column type=\u00a0\u00bb4_4&Prime; _builder_version=\u00a0\u00bb4.16&Prime; global_colors_info=\u00a0\u00bb{}\u00a0\u00bb][et_pb_text _builder_version=\u00a0\u00bb4.16&Prime; global_colors_info=\u00a0\u00bb{}\u00a0\u00bb]<\/p>\n<\/p>\n<p>[\/et_pb_text][\/et_pb_column][\/et_pb_row][\/et_pb_section][et_pb_section fb_built=\u00a0\u00bb1&Prime; module_id=\u00a0\u00bbfooter\u00a0\u00bb _builder_version=\u00a0\u00bb4.3.3&Prime; background_color=\u00a0\u00bb#f9f9f9&Prime; custom_padding=\u00a0\u00bb50px||43px||false|false\u00a0\u00bb custom_padding_tablet=\u00a0\u00bb0px||0px|\u00a0\u00bb transparent_background=\u00a0\u00bboff\u00a0\u00bb padding_mobile=\u00a0\u00bbon\u00a0\u00bb global_module=\u00a0\u00bb191&Prime; global_colors_info=\u00a0\u00bb{}\u00a0\u00bb][et_pb_row column_structure=\u00a0\u00bb1_3,1_3,1_3&Prime; _builder_version=\u00a0\u00bb4.16&Prime; custom_padding=\u00a0\u00bb13px||||false|false\u00a0\u00bb global_colors_info=\u00a0\u00bb{}\u00a0\u00bb][et_pb_column type=\u00a0\u00bb1_3&Prime; _builder_version=\u00a0\u00bb4.16&Prime; global_colors_info=\u00a0\u00bb{}\u00a0\u00bb][et_pb_text _builder_version=\u00a0\u00bb4.17.1&Prime; header_font_size=\u00a0\u00bb43px\u00a0\u00bb header_3_font_size=\u00a0\u00bb20px\u00a0\u00bb header_5_text_color=\u00a0\u00bb#147cc2&Prime; header_5_font_size=\u00a0\u00bb14px\u00a0\u00bb header_5_letter_spacing=\u00a0\u00bb2px\u00a0\u00bb link_option_url=\u00a0\u00bbhttps:\/\/www.multione-schweiz.ch\/impressum\/\u00a0\u00bb global_colors_info=\u00a0\u00bb{}\u00a0\u00bb]<\/p>\n<h5>Multione Suisse<\/h5>\n<p>[\/et_pb_text][et_pb_text _builder_version=\u00a0\u00bb4.17.1&Prime; text_text_color=\u00a0\u00bb#b41412&Prime; header_font_size=\u00a0\u00bb43px\u00a0\u00bb header_3_font_size=\u00a0\u00bb20px\u00a0\u00bb header_5_text_color=\u00a0\u00bb#147cc2&Prime; header_5_font_size=\u00a0\u00bb14px\u00a0\u00bb custom_padding=\u00a0\u00bb2px||0px|||\u00a0\u00bb global_colors_info=\u00a0\u00bb{}\u00a0\u00bb]<\/p>\n<p>\n            <span style=\"color: #147cc2;\">Machines.<\/span><br \/>\n            <br \/>\n            <span style=\"color: #147cc2;\">services.<\/span><br \/>\n            <br \/>\n            <span style=\"color: #147cc2;\">success.<\/span>\n          <\/p>\n<p>[\/et_pb_text][\/et_pb_column][et_pb_column type=\u00a0\u00bb1_3&Prime; _builder_version=\u00a0\u00bb4.16&Prime; global_colors_info=\u00a0\u00bb{}\u00a0\u00bb][et_pb_text _builder_version=\u00a0\u00bb4.17.1&Prime; header_font_size=\u00a0\u00bb43px\u00a0\u00bb header_3_font_size=\u00a0\u00bb20px\u00a0\u00bb header_5_text_color=\u00a0\u00bb#147cc2&Prime; header_5_font_size=\u00a0\u00bb14px\u00a0\u00bb header_5_letter_spacing=\u00a0\u00bb3px\u00a0\u00bb custom_margin=\u00a0\u00bb||1px|||\u00a0\u00bb link_option_url=\u00a0\u00bbhttps:\/\/www.multione-schweiz.ch\/datenschutz\/\u00a0\u00bb global_colors_info=\u00a0\u00bb{}\u00a0\u00bb]<\/p>\n<h5 style=\"text-align: left;\">Rechtliches &amp; Social Media<\/h5>\n<p>[\/et_pb_text][et_pb_text _builder_version=\u00a0\u00bb4.17.1&Prime; text_text_color=\u00a0\u00bb#147cc2&Prime; header_font_size=\u00a0\u00bb43px\u00a0\u00bb header_3_font_size=\u00a0\u00bb20px\u00a0\u00bb header_5_text_color=\u00a0\u00bb#147cc2&Prime; header_5_font_size=\u00a0\u00bb14px\u00a0\u00bb custom_margin=\u00a0\u00bb-12px||||false|false\u00a0\u00bb custom_padding=\u00a0\u00bb0px||0px||false|false\u00a0\u00bb global_colors_info=\u00a0\u00bb{}\u00a0\u00bb]<span style=\"color: #b41412;\"><a href=\"https:\/\/www.multione-schweiz.ch\/impressum\/\" style=\"color: #b41412;\"><span style=\"color: #147cc2;\">Impressum<\/span><\/a><\/span><br \/>\n<span style=\"color: #147cc2;\"><a href=\"https:\/\/www.multione-schweiz.ch\/datenschutz\/\" style=\"color: #147cc2;\">Datenschutz<br \/>\n<\/a><\/span><span style=\"color: #b41412;\"><a href=\"https:\/\/www.multione-schweiz.ch\/AGB\" style=\"color: #b41412;\"><span style=\"color: #147cc2;\">AGB<\/span> <br \/> <br \/>\n<\/a><\/span>[\/et_pb_text][et_pb_social_media_follow _builder_version=\u00a0\u00bb4.17.1&Prime; global_colors_info=\u00a0\u00bb{}\u00a0\u00bb][et_pb_social_media_follow_network social_network=\u00a0\u00bbfacebook\u00a0\u00bb url=\u00a0\u00bbhttps:\/\/www.facebook.com\/multihandling\/\u00a0\u00bb use_icon_font_size=\u00a0\u00bbon\u00a0\u00bb icon_font_size=\u00a0\u00bb19px\u00a0\u00bb _builder_version=\u00a0\u00bb4.17.1&Prime; background_color=\u00a0\u00bb#147cc2&Prime; background_enable_color=\u00a0\u00bbon\u00a0\u00bb global_colors_info=\u00a0\u00bb{}\u00a0\u00bb follow_button=\u00a0\u00bboff\u00a0\u00bb url_new_window=\u00a0\u00bbon\u00a0\u00bb]facebook[\/et_pb_social_media_follow_network][et_pb_social_media_follow_network social_network=\u00a0\u00bbinstagram\u00a0\u00bb url=\u00a0\u00bbhttps:\/\/instagram.com\/multi_handling?igshid=zulhr7dvrvug\u00a0\u00bb use_icon_font_size=\u00a0\u00bbon\u00a0\u00bb icon_font_size=\u00a0\u00bb19px\u00a0\u00bb _builder_version=\u00a0\u00bb4.17.1&Prime; background_color=\u00a0\u00bb#147cc2&Prime; background_enable_color=\u00a0\u00bbon\u00a0\u00bb global_colors_info=\u00a0\u00bb{}\u00a0\u00bb follow_button=\u00a0\u00bboff\u00a0\u00bb url_new_window=\u00a0\u00bbon\u00a0\u00bb]instagram[\/et_pb_social_media_follow_network][et_pb_social_media_follow_network social_network=\u00a0\u00bblinkedin\u00a0\u00bb url=\u00a0\u00bbhttps:\/\/www.linkedin.com\/company\/multi-handling-ag\u00a0\u00bb use_icon_font_size=\u00a0\u00bbon\u00a0\u00bb icon_font_size=\u00a0\u00bb19px\u00a0\u00bb _builder_version=\u00a0\u00bb4.17.1&Prime; background_color=\u00a0\u00bb#147cc2&Prime; background_enable_color=\u00a0\u00bbon\u00a0\u00bb global_colors_info=\u00a0\u00bb{}\u00a0\u00bb follow_button=\u00a0\u00bboff\u00a0\u00bb url_new_window=\u00a0\u00bbon\u00a0\u00bb]linkedin[\/et_pb_social_media_follow_network][\/et_pb_social_media_follow][\/et_pb_column][et_pb_column type=\u00a0\u00bb1_3&Prime; _builder_version=\u00a0\u00bb4.16&Prime; global_colors_info=\u00a0\u00bb{}\u00a0\u00bb][et_pb_text _builder_version=\u00a0\u00bb4.17.1&Prime; header_font_size=\u00a0\u00bb43px\u00a0\u00bb header_3_font_size=\u00a0\u00bb20px\u00a0\u00bb header_5_text_color=\u00a0\u00bb#147cc2&Prime; header_5_font_size=\u00a0\u00bb14px\u00a0\u00bb header_5_letter_spacing=\u00a0\u00bb2px\u00a0\u00bb global_colors_info=\u00a0\u00bb{}\u00a0\u00bb]<\/p>\n<h5>Contact<\/h5>\n<p>[\/et_pb_text][et_pb_text _builder_version=\u00a0\u00bb4.17.1&Prime; text_text_color=\u00a0\u00bb#147cc2&Prime; header_font_size=\u00a0\u00bb43px\u00a0\u00bb header_3_font_size=\u00a0\u00bb20px\u00a0\u00bb header_5_text_color=\u00a0\u00bb#147cc2&Prime; header_5_font_size=\u00a0\u00bb14px\u00a0\u00bb global_colors_info=\u00a0\u00bb{}\u00a0\u00bb]Multi-Handling AG<br \/>\nRue St. Urbanstrasse 34<br \/>\n4914 Roggwil BE<\/p>\n<p><span style=\"color: #339966;\"><a href=\"tel:+41625573790\" style=\"color: #147cc2;\">+41 62 557 37 90<\/a><\/span><br \/>\n<span style=\"color: #00ff00;\"><a href=\"mailto:info@multione-schweiz.ch\" style=\"color: #147cc2;\"><span style=\"color: ##147cc2;\">info@multione-schweiz.ch<\/span><\/a><\/span><\/p>\n<p><span style=\"text-decoration: underline;\">Service d&rsquo;assistance t\u00e9l\u00e9phonique<\/span><br \/>\n<span style=\"color: #339966;\"><a href=\"tel:+41625573792\" style=\"color: #147cc2;\">+41 62 557 37 92<\/a> <br \/> <br \/>\n<\/span><span style=\"color: #00ff00;\"><a href=\"mailto:service@multione-schweiz.ch\" style=\"color: #147cc2;\"><span style=\"color: #147cc2;\">service@multione-schweiz.ch<\/span><\/a><\/span><\/p>\n<p>[\/et_pb_text][\/et_pb_column][\/et_pb_row][\/et_pb_section]<\/p>\n","protected":false},"excerpt":{"rendered":"<p>ConditionsTermes et conditions Multione Suisse Machines. services. success. Rechtliches &amp; Social MediaImpressum Datenschutz AGB facebookinstagramlinkedinContactMulti-Handling AG Rue St. Urbanstrasse 34 4914 Roggwil BE +41 62 557 37 90 info@multione-schweiz.ch Service d&rsquo;assistance t\u00e9l\u00e9phonique +41 62 557 37 92 service@multione-schweiz.ch<\/p>\n","protected":false},"author":1,"featured_media":0,"parent":0,"menu_order":0,"comment_status":"closed","ping_status":"closed","template":"","meta":{"_et_pb_use_builder":"on","_et_pb_old_content":"","_et_gb_content_width":""},"yoast_head":"<!-- This site is optimized with the Yoast SEO plugin v20.6 - https:\/\/yoast.com\/wordpress\/plugins\/seo\/ -->\n<title>Conditions - Multione Schweiz<\/title>\n<meta name=\"robots\" content=\"index, follow, max-snippet:-1, max-image-preview:large, max-video-preview:-1\" \/>\n<link rel=\"canonical\" href=\"https:\/\/www.multione-schweiz.ch\/fr\/conditions-2\/\" \/>\n<meta name=\"twitter:card\" content=\"summary_large_image\" \/>\n<meta name=\"twitter:title\" content=\"Conditions - Multione Schweiz\" \/>\n<meta name=\"twitter:description\" content=\"ConditionsTermes et conditions Multione Suisse Machines. services. success. Rechtliches &amp; Social MediaImpressum Datenschutz AGB facebookinstagramlinkedinContactMulti-Handling AG Rue St. Urbanstrasse 34 4914 Roggwil BE +41 62 557 37 90 info@multione-schweiz.ch Service d&#039;assistance t\u00e9l\u00e9phonique +41 62 557 37 92 service@multione-schweiz.ch\" \/>\n<meta name=\"twitter:label1\" content=\"Dur\u00e9e de lecture estim\u00e9e\" \/>\n\t<meta name=\"twitter:data1\" content=\"6 minutes\" \/>\n<script type=\"application\/ld+json\" class=\"yoast-schema-graph\">{\"@context\":\"https:\/\/schema.org\",\"@graph\":[{\"@type\":\"WebPage\",\"@id\":\"https:\/\/www.multione-schweiz.ch\/fr\/conditions-2\/\",\"url\":\"https:\/\/www.multione-schweiz.ch\/fr\/conditions-2\/\",\"name\":\"Conditions - Multione Schweiz\",\"isPartOf\":{\"@id\":\"https:\/\/www.multione-schweiz.ch\/fr\/#website\"},\"datePublished\":\"2023-09-15T12:55:36+00:00\",\"dateModified\":\"2023-09-15T12:55:43+00:00\",\"breadcrumb\":{\"@id\":\"https:\/\/www.multione-schweiz.ch\/fr\/conditions-2\/#breadcrumb\"},\"inLanguage\":\"fr-FR\",\"potentialAction\":[{\"@type\":\"ReadAction\",\"target\":[\"https:\/\/www.multione-schweiz.ch\/fr\/conditions-2\/\"]}]},{\"@type\":\"BreadcrumbList\",\"@id\":\"https:\/\/www.multione-schweiz.ch\/fr\/conditions-2\/#breadcrumb\",\"itemListElement\":[{\"@type\":\"ListItem\",\"position\":1,\"name\":\"Startseite\",\"item\":\"https:\/\/www.multione-schweiz.ch\/fr\/maison\/\"},{\"@type\":\"ListItem\",\"position\":2,\"name\":\"Conditions\"}]},{\"@type\":\"WebSite\",\"@id\":\"https:\/\/www.multione-schweiz.ch\/fr\/#website\",\"url\":\"https:\/\/www.multione-schweiz.ch\/fr\/\",\"name\":\"Multione Schweiz\",\"description\":\"machines.services.success.\",\"potentialAction\":[{\"@type\":\"SearchAction\",\"target\":{\"@type\":\"EntryPoint\",\"urlTemplate\":\"https:\/\/www.multione-schweiz.ch\/fr\/?s={search_term_string}\"},\"query-input\":\"required name=search_term_string\"}],\"inLanguage\":\"fr-FR\"}]}<\/script>\n<!-- \/ Yoast SEO plugin. -->","yoast_head_json":{"title":"Conditions - Multione Schweiz","robots":{"index":"index","follow":"follow","max-snippet":"max-snippet:-1","max-image-preview":"max-image-preview:large","max-video-preview":"max-video-preview:-1"},"canonical":"https:\/\/www.multione-schweiz.ch\/fr\/conditions-2\/","twitter_card":"summary_large_image","twitter_title":"Conditions - Multione Schweiz","twitter_description":"ConditionsTermes et conditions Multione Suisse Machines. services. success. Rechtliches &amp; Social MediaImpressum Datenschutz AGB facebookinstagramlinkedinContactMulti-Handling AG Rue St. Urbanstrasse 34 4914 Roggwil BE +41 62 557 37 90 info@multione-schweiz.ch Service d'assistance t\u00e9l\u00e9phonique +41 62 557 37 92 service@multione-schweiz.ch","twitter_misc":{"Dur\u00e9e de lecture estim\u00e9e":"6 minutes"},"schema":{"@context":"https:\/\/schema.org","@graph":[{"@type":"WebPage","@id":"https:\/\/www.multione-schweiz.ch\/fr\/conditions-2\/","url":"https:\/\/www.multione-schweiz.ch\/fr\/conditions-2\/","name":"Conditions - Multione Schweiz","isPartOf":{"@id":"https:\/\/www.multione-schweiz.ch\/fr\/#website"},"datePublished":"2023-09-15T12:55:36+00:00","dateModified":"2023-09-15T12:55:43+00:00","breadcrumb":{"@id":"https:\/\/www.multione-schweiz.ch\/fr\/conditions-2\/#breadcrumb"},"inLanguage":"fr-FR","potentialAction":[{"@type":"ReadAction","target":["https:\/\/www.multione-schweiz.ch\/fr\/conditions-2\/"]}]},{"@type":"BreadcrumbList","@id":"https:\/\/www.multione-schweiz.ch\/fr\/conditions-2\/#breadcrumb","itemListElement":[{"@type":"ListItem","position":1,"name":"Startseite","item":"https:\/\/www.multione-schweiz.ch\/fr\/maison\/"},{"@type":"ListItem","position":2,"name":"Conditions"}]},{"@type":"WebSite","@id":"https:\/\/www.multione-schweiz.ch\/fr\/#website","url":"https:\/\/www.multione-schweiz.ch\/fr\/","name":"Multione Schweiz","description":"machines.services.success.","potentialAction":[{"@type":"SearchAction","target":{"@type":"EntryPoint","urlTemplate":"https:\/\/www.multione-schweiz.ch\/fr\/?s={search_term_string}"},"query-input":"required name=search_term_string"}],"inLanguage":"fr-FR"}]}},"_links":{"self":[{"href":"https:\/\/www.multione-schweiz.ch\/fr\/wp-json\/wp\/v2\/pages\/13074"}],"collection":[{"href":"https:\/\/www.multione-schweiz.ch\/fr\/wp-json\/wp\/v2\/pages"}],"about":[{"href":"https:\/\/www.multione-schweiz.ch\/fr\/wp-json\/wp\/v2\/types\/page"}],"author":[{"embeddable":true,"href":"https:\/\/www.multione-schweiz.ch\/fr\/wp-json\/wp\/v2\/users\/1"}],"replies":[{"embeddable":true,"href":"https:\/\/www.multione-schweiz.ch\/fr\/wp-json\/wp\/v2\/comments?post=13074"}],"version-history":[{"count":2,"href":"https:\/\/www.multione-schweiz.ch\/fr\/wp-json\/wp\/v2\/pages\/13074\/revisions"}],"predecessor-version":[{"id":13076,"href":"https:\/\/www.multione-schweiz.ch\/fr\/wp-json\/wp\/v2\/pages\/13074\/revisions\/13076"}],"wp:attachment":[{"href":"https:\/\/www.multione-schweiz.ch\/fr\/wp-json\/wp\/v2\/media?parent=13074"}],"curies":[{"name":"wp","href":"https:\/\/api.w.org\/{rel}","templated":true}]}}