{"id":13095,"date":"2023-09-15T15:18:34","date_gmt":"2023-09-15T13:18:34","guid":{"rendered":"https:\/\/www.multione-schweiz.ch\/plateformes-de-travail-jusqua-17-metres-hangcha-et-multimanutention\/"},"modified":"2023-09-15T15:18:37","modified_gmt":"2023-09-15T13:18:37","slug":"plateformes-de-travail-jusqua-17-metres-hangcha-et-multimanutention","status":"publish","type":"page","link":"https:\/\/www.multione-schweiz.ch\/fr\/plateformes-de-travail-jusqua-17-metres-hangcha-et-multimanutention\/","title":{"rendered":"Plateformes de travail jusqu&rsquo;\u00e0 17 m\u00e8tres &#8211; Hangcha et multimanutention"},"content":{"rendered":"<p>[et_pb_section fb_built=\u00a0\u00bb1&Prime; custom_padding_last_edited=\u00a0\u00bbon|phone\u00a0\u00bb module_class=\u00a0\u00bbgreyOverlay\u00a0\u00bb _builder_version=\u00a0\u00bb4.3.3&Prime; background_color=\u00a0\u00bbrgba(0,0,0,0)\u00a0\u00bb background_image=\u00a0\u00bbhttps:\/\/www.multione-schweiz.ch\/wp-content\/uploads\/2020\/03\/GTHZ-120.png\u00a0\u00bb background_size=\u00a0\u00bbcontain\u00a0\u00bb custom_padding=\u00a0\u00bb225px||185px|||\u00a0\u00bb custom_padding_tablet=\u00a0\u00bb125px||125px|\u00a0\u00bb custom_padding_phone=\u00a0\u00bb75px||75px|\u00a0\u00bb][\/et_pb_section][et_pb_section fb_built=\u00a0\u00bb1&Prime; custom_padding_last_edited=\u00a0\u00bbon|phone\u00a0\u00bb module_id=\u00a0\u00bbentreprise\u00a0\u00bb _builder_version=\u00a0\u00bb4.3.3&Prime; background_color=\u00a0\u00bb#2e2329&Prime; background_enable_image=\u00a0\u00bboff\u00a0\u00bb custom_padding=\u00a0\u00bb26px||44px|||\u00a0\u00bb custom_padding_tablet=\u00a0\u00bb125px||125px|\u00a0\u00bb custom_padding_phone=\u00a0\u00bb75px||75px|\u00a0\u00bb][et_pb_row padding_mobile=\u00a0\u00bboff\u00a0\u00bb column_padding_mobile=\u00a0\u00bbon\u00a0\u00bb _builder_version=\u00a0\u00bb3.25&Prime; background_size=\u00a0\u00bbinitial\u00a0\u00bb background_position=\u00a0\u00bbtop_left\u00a0\u00bb background_repeat=\u00a0\u00bbrepeat\u00a0\u00bb][et_pb_column type=\u00a0\u00bb4_4&Prime; _builder_version=\u00a0\u00bb3.25&Prime; custom_padding=\u00a0\u00bb|||\u00a0\u00bb custom_css_main_element=\u00a0\u00bbmargin-bottom: 0 !important;\u00a0\u00bb custom_padding__hover=\u00a0\u00bb|||\u00a0\u00bb][et_pb_image src=\u00a0\u00bbhttps:\/\/www.multione-schweiz.ch\/wp-content\/uploads\/2020\/03\/Multi_Handling_Logo_rot_weiss_transparent_RGB.svg\u00a0\u00bb _builder_version=\u00a0\u00bb4.3.3&Prime; width=\u00a0\u00bb40%\u00a0\u00bb module_alignment=\u00a0\u00bbcenter\u00a0\u00bb][\/et_pb_image][et_pb_text _builder_version=\u00a0\u00bb4.9.4&Prime; text_font=\u00a0\u00bb|||on|||||\u00a0\u00bb text_text_color=\u00a0\u00bb#ffffff\u00a0\u00bb text_font_size=\u00a0\u00bb45px\u00a0\u00bb header_text_color=\u00a0\u00bb#FFFFFF\u00a0\u00bb header_font_size=\u00a0\u00bb28px\u00a0\u00bb header_letter_spacing=\u00a0\u00bb5px\u00a0\u00bb text_orientation=\u00a0\u00bbcenter\u00a0\u00bb text_font_size_tablet=\u00a0\u00bb\u00a0\u00bb text_font_size_phone=\u00a0\u00bb30px\u00a0\u00bb text_font_size_last_edited=\u00a0\u00bbon|phone\u00a0\u00bb]<\/p>\n<h1>Plateformes de travail jusqu&rsquo;\u00e0 17 m\u00e8tres &#8211; Hangcha et multimanutention<\/h1>\n<p>[\/et_pb_text][et_pb_button button_text=\u00a0\u00bbEn savoir plus\u00a0\u00bb button_alignment=\u00a0\u00bbcenter\u00a0\u00bb _builder_version=\u00a0\u00bb4.3.3&Prime; custom_button=\u00a0\u00bbon\u00a0\u00bb button_text_color=\u00a0\u00bb#ffffff\u00a0\u00bb button_bg_color=\u00a0\u00bb#b41412&Prime; button_border_color=\u00a0\u00bb#ffffff\u00a0\u00bb button_font=\u00a0\u00bb||||||||\u00a0\u00bb button_use_icon=\u00a0\u00bboff\u00a0\u00bb custom_padding=\u00a0\u00bb10px|25px|5px|30px\u00a0\u00bb button_text_size_tablet=\u00a0\u00bb\u00a0\u00bb button_text_size_phone=\u00a0\u00bb10px\u00a0\u00bb button_text_size_last_edited=\u00a0\u00bbon|phone\u00a0\u00bb custom_css_main_element=\u00a0\u00bbpointer-events: none;\u00a0\u00bb button_bg_color__hover_enabled=\u00a0\u00bbon\u00a0\u00bb button_bg_color__hover=\u00a0\u00bb#ffffff\u00a0\u00bb button_text_size__hover_enabled=\u00a0\u00bbon|desktop\u00a0\u00bb button_border_color__hover_enabled=\u00a0\u00bbon\u00a0\u00bb button_border_color__hover=\u00a0\u00bbrgba(255,255,255,0)\u00a0\u00bb button_text_color__hover_enabled=\u00a0\u00bbon\u00a0\u00bb button_text_color__hover=\u00a0\u00bb#000000&Prime;][\/et_pb_button][\/et_pb_column][\/et_pb_row][\/et_pb_section][et_pb_section fb_built=\u00a0\u00bb1&Prime; module_id=\u00a0\u00bbproducts\u00a0\u00bb _builder_version=\u00a0\u00bb4.3.3&Prime;][et_pb_row disabled_on=\u00a0\u00bbon|off|off\u00a0\u00bb _builder_version=\u00a0\u00bb4.3.3&Prime;][et_pb_column type=\u00a0\u00bb4_4&Prime; _builder_version=\u00a0\u00bb4.3.3&Prime;][et_pb_text _builder_version=\u00a0\u00bb4.3.3&Prime;]<\/p>\n<\/p>\n<p>[\/et_pb_text][\/et_pb_column][\/et_pb_row][et_pb_row column_structure=\u00a0\u00bb1_2,1_2&Prime; _builder_version=\u00a0\u00bb4.3.3&Prime;][et_pb_column type=\u00a0\u00bb1_2&Prime; _builder_version=\u00a0\u00bb4.3.3&Prime;][et_pb_blurb title=\u00a0\u00bbSc\u00e8ne de travail \u00e0 cisaillement\u00a0\u00bb url=\u00a0\u00bbhttps:\/\/www.multione-schweiz.ch\/scherenarbeitsbuehne-zmg\u00a0\u00bb image=\u00a0\u00bbhttps:\/\/www.multione-schweiz.ch\/wp-content\/uploads\/2020\/03\/ZS0407.png\u00a0\u00bb image_max_width=\u00a0\u00bb63%\u00a0\u00bb _builder_version=\u00a0\u00bb4.9.4&Prime; header_font=\u00a0\u00bbMontserrat||||||||\u00a0\u00bb header_text_align=\u00a0\u00bbcenter\u00a0\u00bb header_text_color=\u00a0\u00bb#b41412&Prime; header_font_size=\u00a0\u00bb26px\u00a0\u00bb header_letter_spacing=\u00a0\u00bb1px\u00a0\u00bb body_font_size=\u00a0\u00bb13px\u00a0\u00bb custom_margin=\u00a0\u00bb||-1px|||\u00a0\u00bb animation=\u00a0\u00bboff\u00a0\u00bb link_option_url=\u00a0\u00bbhttps:\/\/www.multione-schweiz.ch\/scherenarbeitsbuehne-zmg\u00a0\u00bb hover_enabled=\u00a0\u00bb0&Prime; header_font_size_tablet=\u00a0\u00bb\u00a0\u00bb header_font_size_phone=\u00a0\u00bb20px\u00a0\u00bb header_font_size_last_edited=\u00a0\u00bbon|phone\u00a0\u00bb sticky_enabled=\u00a0\u00bb0&Prime;]<\/p>\n<p>\n            <span>Travailler en hauteur en toute s\u00e9curit\u00e9 ? Alors les nacelles \u00e0 ciseaux ZMG sont le bon choix pour vous. Automotrices et \u00e9quip\u00e9es des derni\u00e8res technologies, les plateformes sont impressionnantes et vous aident \u00e0 augmenter votre productivit\u00e9.<\/span>\n          <\/p>\n<p>\n            <span><\/span>\n          <\/p>\n<p>\n            <span><\/span>\n          <\/p>\n<p>\n            <span><\/span>\n          <\/p>\n<p>[\/et_pb_blurb][et_pb_button button_url=\u00a0\u00bbhttps:\/\/www.multione-schweiz.ch\/scherenarbeitsbuehne-zmg\u00a0\u00bb button_text=\u00a0\u00bbInformations sur les produits\u00a0\u00bb _builder_version=\u00a0\u00bb4.9.4&Prime; custom_button=\u00a0\u00bbon\u00a0\u00bb button_text_size=\u00a0\u00bb10px\u00a0\u00bb button_bg_color=\u00a0\u00bb#b41412&Prime; button_border_color=\u00a0\u00bb#b41412&Prime; hover_enabled=\u00a0\u00bb0&Prime; sticky_enabled=\u00a0\u00bb0&Prime;][\/et_pb_button][\/et_pb_column][et_pb_column type=\u00a0\u00bb1_2&Prime; _builder_version=\u00a0\u00bb4.3.3&Prime;][et_pb_blurb title=\u00a0\u00bbSc\u00e8nes de travail articul\u00e9es\u00a0\u00bb url=\u00a0\u00bbhttps:\/\/www.multione-schweiz.ch\/gelenkarbeitsbuehne-hangcha\/\u00a0\u00bb image=\u00a0\u00bbhttps:\/\/www.multione-schweiz.ch\/wp-content\/uploads\/2020\/03\/GTHZ-120.png\u00a0\u00bb image_max_width=\u00a0\u00bb63%\u00a0\u00bb _builder_version=\u00a0\u00bb4.9.4&Prime; header_font=\u00a0\u00bbMontserrat||||||||\u00a0\u00bb header_text_align=\u00a0\u00bbcenter\u00a0\u00bb header_text_color=\u00a0\u00bb#b41412&Prime; header_font_size=\u00a0\u00bb26px\u00a0\u00bb header_letter_spacing=\u00a0\u00bb1px\u00a0\u00bb body_font_size=\u00a0\u00bb13px\u00a0\u00bb min_height=\u00a0\u00bb544px\u00a0\u00bb custom_margin=\u00a0\u00bb||-2px|||\u00a0\u00bb custom_padding=\u00a0\u00bb||0px|||\u00a0\u00bb animation=\u00a0\u00bboff\u00a0\u00bb link_option_url=\u00a0\u00bbhttps:\/\/www.multione-schweiz.ch\/gelenkarbeitsbuehne-hangcha\/\u00a0\u00bb hover_enabled=\u00a0\u00bb0&Prime; header_font_size_tablet=\u00a0\u00bb\u00a0\u00bb header_font_size_phone=\u00a0\u00bb20px\u00a0\u00bb header_font_size_last_edited=\u00a0\u00bbon|phone\u00a0\u00bb sticky_enabled=\u00a0\u00bb0&Prime;]<\/p>\n<p>\n            <span>Plus de port\u00e9e et de flexibilit\u00e9 &#8211; et en m\u00eame temps plus de s\u00e9curit\u00e9 : les plates-formes de travail automotrices de HANGCHA am\u00e8nent vos employ\u00e9s dans l&rsquo;entrep\u00f4t, dans l&rsquo;industrie et dans l&rsquo;intralogistique \u00e0 la bonne hauteur de travail.<\/span>\n          <\/p>\n<p>\n            <span><\/span>\n          <\/p>\n<p>\n            <span><\/span>\n          <\/p>\n<p>\n            <span><\/span>\n          <\/p>\n<p>\n            <span><\/span>\n          <\/p>\n<p>[\/et_pb_blurb][et_pb_button button_url=\u00a0\u00bbhttps:\/\/www.multione-schweiz.ch\/gelenkarbeitsbuehne-hangcha\/\u00a0\u00bb button_text=\u00a0\u00bbInformations sur les produits\u00a0\u00bb _builder_version=\u00a0\u00bb4.9.4&Prime; custom_button=\u00a0\u00bbon\u00a0\u00bb button_text_size=\u00a0\u00bb10px\u00a0\u00bb button_bg_color=\u00a0\u00bb#b41412&Prime; button_border_color=\u00a0\u00bb#b41412&Prime; hover_enabled=\u00a0\u00bb0&Prime; sticky_enabled=\u00a0\u00bb0&Prime;][\/et_pb_button][\/et_pb_column][\/et_pb_row][et_pb_row _builder_version=\u00a0\u00bb4.3.3&Prime;][et_pb_column type=\u00a0\u00bb4_4&Prime; _builder_version=\u00a0\u00bb4.3.3&Prime;][et_pb_text _builder_version=\u00a0\u00bb4.3.3&Prime;]<\/p>\n<\/p>\n<p>[\/et_pb_text][\/et_pb_column][\/et_pb_row][et_pb_row _builder_version=\u00a0\u00bb4.3.3&Prime;][et_pb_column type=\u00a0\u00bb4_4&Prime; _builder_version=\u00a0\u00bb4.3.3&Prime;][et_pb_text _builder_version=\u00a0\u00bb4.3.3&Prime;]<\/p>\n<\/p>\n<p>[\/et_pb_text][\/et_pb_column][\/et_pb_row][et_pb_row _builder_version=\u00a0\u00bb4.3.3&Prime;][et_pb_column type=\u00a0\u00bb4_4&Prime; _builder_version=\u00a0\u00bb4.3.3&Prime;][et_pb_text _builder_version=\u00a0\u00bb4.3.3&Prime;]<\/p>\n<\/p>\n<p>[\/et_pb_text][\/et_pb_column][\/et_pb_row][et_pb_row _builder_version=\u00a0\u00bb4.3.3&Prime;][et_pb_column type=\u00a0\u00bb4_4&Prime; _builder_version=\u00a0\u00bb4.3.3&Prime;][et_pb_text _builder_version=\u00a0\u00bb4.3.3&Prime;][\/et_pb_text][\/et_pb_column][\/et_pb_row][\/et_pb_section][et_pb_section fb_built=\u00a0\u00bb1&Prime; custom_padding_last_edited=\u00a0\u00bbon|phone\u00a0\u00bb module_id=\u00a0\u00bbentreprise\u00a0\u00bb _builder_version=\u00a0\u00bb4.3.3&Prime; background_color=\u00a0\u00bb#b41412&Prime; background_enable_image=\u00a0\u00bboff\u00a0\u00bb custom_padding=\u00a0\u00bb26px||44px|||\u00a0\u00bb custom_padding_tablet=\u00a0\u00bb125px||125px|\u00a0\u00bb custom_padding_phone=\u00a0\u00bb75px||75px|\u00a0\u00bb][et_pb_row _builder_version=\u00a0\u00bb4.2.1&Prime; custom_padding=\u00a0\u00bb1px|||||\u00a0\u00bb][et_pb_column type=\u00a0\u00bb4_4&Prime; _builder_version=\u00a0\u00bb4.2.1&Prime;][et_pb_text _builder_version=\u00a0\u00bb4.3.3&Prime;]<\/p>\n<p>[\/et_pb_text][\/et_pb_column][\/et_pb_row][\/et_pb_section][et_pb_section fb_built=\u00a0\u00bb1&Prime; module_id=\u00a0\u00bbfooter\u00a0\u00bb _builder_version=\u00a0\u00bb4.3.3&Prime; background_color=\u00a0\u00bb#f9f9f9&Prime; custom_padding=\u00a0\u00bb50px||43px||false|false\u00a0\u00bb custom_padding_tablet=\u00a0\u00bb0px||0px|\u00a0\u00bb transparent_background=\u00a0\u00bboff\u00a0\u00bb padding_mobile=\u00a0\u00bbon\u00a0\u00bb global_module=\u00a0\u00bb191&Prime;][et_pb_row column_structure=\u00a0\u00bb1_4,1_4,1_4,1_4&Prime; _builder_version=\u00a0\u00bb4.3.3&Prime; custom_padding=\u00a0\u00bb13px||||false|false\u00a0\u00bb][et_pb_column type=\u00a0\u00bb1_4&Prime; _builder_version=\u00a0\u00bb4.2.2&Prime;][et_pb_text _builder_version=\u00a0\u00bb4.3.3&Prime; header_font_size=\u00a0\u00bb43px\u00a0\u00bb header_3_font_size=\u00a0\u00bb20px\u00a0\u00bb header_5_text_color=\u00a0\u00bb#b41412&Prime; header_5_font_size=\u00a0\u00bb14px\u00a0\u00bb header_5_letter_spacing=\u00a0\u00bb2px\u00a0\u00bb custom_margin=\u00a0\u00bb||10px|||\u00a0\u00bb]<\/p>\n<h5>nos marques<\/h5>\n<p>[\/et_pb_text][et_pb_image src=\u00a0\u00bbhttps:\/\/www.multione-schweiz.ch\/wp-content\/uploads\/2020\/08\/Markelnlogos_Block_Juli2020-1.png\u00a0\u00bb _builder_version=\u00a0\u00bb4.3.3&Prime; width=\u00a0\u00bb65%\u00a0\u00bb][\/et_pb_image][\/et_pb_column][et_pb_column type=\u00a0\u00bb1_4&Prime; _builder_version=\u00a0\u00bb4.2.2&Prime;][et_pb_text _builder_version=\u00a0\u00bb4.3.3&Prime; header_font_size=\u00a0\u00bb43px\u00a0\u00bb header_3_font_size=\u00a0\u00bb20px\u00a0\u00bb header_5_text_color=\u00a0\u00bb#b41412&Prime; header_5_font_size=\u00a0\u00bb14px\u00a0\u00bb header_5_letter_spacing=\u00a0\u00bb2px\u00a0\u00bb link_option_url=\u00a0\u00bbhttps:\/\/www.multione-schweiz.ch\/impressum\/\u00a0\u00bb]<\/p>\n<h5>Multihandling AG<\/h5>\n<p>[\/et_pb_text][et_pb_text _builder_version=\u00a0\u00bb4.3.3&Prime; text_text_color=\u00a0\u00bb#b41412&Prime; header_font_size=\u00a0\u00bb43px\u00a0\u00bb header_3_font_size=\u00a0\u00bb20px\u00a0\u00bb header_5_text_color=\u00a0\u00bb#b41412&Prime; header_5_font_size=\u00a0\u00bb14px\u00a0\u00bb]<\/p>\n<p>Machines.<br \/>services.<br \/>success.<\/p>\n<p>[\/et_pb_text][\/et_pb_column][et_pb_column type=\u00a0\u00bb1_4&Prime; _builder_version=\u00a0\u00bb4.2.2&Prime;][et_pb_text _builder_version=\u00a0\u00bb4.3.3&Prime; header_font_size=\u00a0\u00bb43px\u00a0\u00bb header_3_font_size=\u00a0\u00bb20px\u00a0\u00bb header_5_text_color=\u00a0\u00bb#b41412&Prime; header_5_font_size=\u00a0\u00bb14px\u00a0\u00bb header_5_letter_spacing=\u00a0\u00bb3px\u00a0\u00bb custom_margin=\u00a0\u00bb||1px|||\u00a0\u00bb link_option_url=\u00a0\u00bbhttps:\/\/www.multione-schweiz.ch\/datenschutz\/\u00a0\u00bb]<\/p>\n<h5 style=\"text-align: left;\">Rechtliches &amp; Social Media<\/h5>\n<p>[\/et_pb_text][et_pb_text _builder_version=\u00a0\u00bb4.3.3&Prime; text_text_color=\u00a0\u00bb#b41412&Prime; header_font_size=\u00a0\u00bb43px\u00a0\u00bb header_3_font_size=\u00a0\u00bb20px\u00a0\u00bb header_5_text_color=\u00a0\u00bb#b41412&Prime; header_5_font_size=\u00a0\u00bb14px\u00a0\u00bb custom_margin=\u00a0\u00bb-12px||||false|false\u00a0\u00bb custom_padding=\u00a0\u00bb0px||0px||false|false\u00a0\u00bb]<\/p>\n<p><span style=\"color: #b41412;\"><a href=\"https:\/\/www.multione-schweiz.ch\/impressum\/\" style=\"color: #b41412;\">Impressum<\/a><\/span><br \/> <span style=\"color: #b41412;\"><a href=\"https:\/\/www.multione-schweiz.ch\/datenschutz\/\" style=\"color: #b41412;\">Datenschutz<br \/><\/a><\/span><span style=\"color: #b41412;\"><a href=\"https:\/\/www.multione-schweiz.ch\/AGB\" style=\"color: #b41412;\">AGB<br \/><\/a><\/span> <\/p>\n<p>[\/et_pb_text][et_pb_social_media_follow _builder_version=\u00a0\u00bb4.3.3&Prime;][et_pb_social_media_follow_network social_network=\u00a0\u00bbfacebook\u00a0\u00bb url=\u00a0\u00bbhttps:\/\/www.facebook.com\/multihandling\/\u00a0\u00bb use_icon_font_size=\u00a0\u00bbon\u00a0\u00bb icon_font_size=\u00a0\u00bb19px\u00a0\u00bb _builder_version=\u00a0\u00bb4.3.3&Prime; background_color=\u00a0\u00bb#b41412&Prime; background_enable_color=\u00a0\u00bbon\u00a0\u00bb follow_button=\u00a0\u00bboff\u00a0\u00bb url_new_window=\u00a0\u00bbon\u00a0\u00bb]facebook[\/et_pb_social_media_follow_network][et_pb_social_media_follow_network social_network=\u00a0\u00bbinstagram\u00a0\u00bb url=\u00a0\u00bbhttps:\/\/instagram.com\/multi_handling?igshid=zulhr7dvrvug\u00a0\u00bb use_icon_font_size=\u00a0\u00bbon\u00a0\u00bb icon_font_size=\u00a0\u00bb19px\u00a0\u00bb _builder_version=\u00a0\u00bb4.3.3&Prime; background_color=\u00a0\u00bb#b41412&Prime; background_enable_color=\u00a0\u00bbon\u00a0\u00bb follow_button=\u00a0\u00bboff\u00a0\u00bb url_new_window=\u00a0\u00bbon\u00a0\u00bb]instagram[\/et_pb_social_media_follow_network][et_pb_social_media_follow_network social_network=\u00a0\u00bblinkedin\u00a0\u00bb url=\u00a0\u00bbhttps:\/\/www.linkedin.com\/company\/multi-handling-ag\u00a0\u00bb use_icon_font_size=\u00a0\u00bbon\u00a0\u00bb icon_font_size=\u00a0\u00bb19px\u00a0\u00bb _builder_version=\u00a0\u00bb4.3.3&Prime; background_color=\u00a0\u00bb#b41412&Prime; background_enable_color=\u00a0\u00bbon\u00a0\u00bb follow_button=\u00a0\u00bboff\u00a0\u00bb url_new_window=\u00a0\u00bbon\u00a0\u00bb]linkedin[\/et_pb_social_media_follow_network][\/et_pb_social_media_follow][\/et_pb_column][et_pb_column type=\u00a0\u00bb1_4&Prime; _builder_version=\u00a0\u00bb4.2.2&Prime;][et_pb_text _builder_version=\u00a0\u00bb4.3.3&Prime; header_font_size=\u00a0\u00bb43px\u00a0\u00bb header_3_font_size=\u00a0\u00bb20px\u00a0\u00bb header_5_text_color=\u00a0\u00bb#b41412&Prime; header_5_font_size=\u00a0\u00bb14px\u00a0\u00bb header_5_letter_spacing=\u00a0\u00bb2px\u00a0\u00bb]<\/p>\n<h5>Contact<\/h5>\n<p>[\/et_pb_text][et_pb_text _builder_version=\u00a0\u00bb4.9.4&Prime; text_text_color=\u00a0\u00bb#b41412&Prime; header_font_size=\u00a0\u00bb43px\u00a0\u00bb header_3_font_size=\u00a0\u00bb20px\u00a0\u00bb header_5_text_color=\u00a0\u00bb#b41412&Prime; header_5_font_size=\u00a0\u00bb14px\u00a0\u00bb]Multi-Handling AG<br \/>\nRue St. Urbanstrasse 34<br \/>\n4914 Roggwil BE<\/p>\n<p><span style=\"color: #339966;\"><a href=\"tel:+41625573790\" style=\"color: #b41412;\">+41 62 557 37 90<\/a><\/span><br \/>\n<span style=\"color: #00ff00;\"><a href=\"mailto:info@multione-schweiz.ch\" style=\"color: #b41412;\"><span style=\"color: #b41412;\">info@multione-schweiz.ch<\/span><\/a><\/span>[\/et_pb_text][\/et_pb_column][\/et_pb_row][\/et_pb_section]<\/p>\n","protected":false},"excerpt":{"rendered":"<p>Plateformes de travail jusqu&rsquo;\u00e0 17 m\u00e8tres &#8211; Hangcha et multimanutention Travailler en hauteur en toute s\u00e9curit\u00e9 ? Alors les nacelles \u00e0 ciseaux ZMG sont le bon choix pour vous. Automotrices et \u00e9quip\u00e9es des derni\u00e8res technologies, les plateformes sont impressionnantes et vous aident \u00e0 augmenter votre productivit\u00e9. Plus de port\u00e9e et de flexibilit\u00e9 &#8211; et en [&hellip;]<\/p>\n","protected":false},"author":1,"featured_media":0,"parent":0,"menu_order":0,"comment_status":"closed","ping_status":"closed","template":"","meta":{"_et_pb_use_builder":"on","_et_pb_old_content":"","_et_gb_content_width":""},"yoast_head":"<!-- This site is optimized with the Yoast SEO plugin v20.6 - https:\/\/yoast.com\/wordpress\/plugins\/seo\/ -->\n<title>Plateformes de travail jusqu&#039;\u00e0 17 m\u00e8tres - Hangcha et multimanutention<\/title>\n<meta name=\"description\" content=\"Les nacelles articul\u00e9es ou \u00e0 ciseaux Hangcha \/ ZMG facilitent vos travaux \u00e0 des hauteurs vertigineuses et vous ram\u00e8nent au sol en toute s\u00e9curit\u00e9\" \/>\n<meta name=\"robots\" content=\"index, follow, max-snippet:-1, max-image-preview:large, max-video-preview:-1\" \/>\n<link rel=\"canonical\" href=\"https:\/\/www.multione-schweiz.ch\/fr\/plateformes-de-travail-jusqua-17-metres-hangcha-et-multimanutention\/\" \/>\n<meta name=\"twitter:card\" content=\"summary_large_image\" \/>\n<meta name=\"twitter:title\" content=\"Plateformes de travail jusqu&#039;\u00e0 17 m\u00e8tres - Hangcha et multimanutention\" \/>\n<meta name=\"twitter:description\" content=\"Les nacelles articul\u00e9es ou \u00e0 ciseaux Hangcha \/ ZMG facilitent vos travaux \u00e0 des hauteurs vertigineuses et vous ram\u00e8nent au sol en toute s\u00e9curit\u00e9\" \/>\n<meta name=\"twitter:label1\" content=\"Dur\u00e9e de lecture estim\u00e9e\" \/>\n\t<meta name=\"twitter:data1\" content=\"7 minutes\" \/>\n<script type=\"application\/ld+json\" class=\"yoast-schema-graph\">{\"@context\":\"https:\/\/schema.org\",\"@graph\":[{\"@type\":\"WebPage\",\"@id\":\"https:\/\/www.multione-schweiz.ch\/fr\/plateformes-de-travail-jusqua-17-metres-hangcha-et-multimanutention\/\",\"url\":\"https:\/\/www.multione-schweiz.ch\/fr\/plateformes-de-travail-jusqua-17-metres-hangcha-et-multimanutention\/\",\"name\":\"Plateformes de travail jusqu'\u00e0 17 m\u00e8tres - Hangcha et multimanutention\",\"isPartOf\":{\"@id\":\"https:\/\/www.multione-schweiz.ch\/fr\/#website\"},\"datePublished\":\"2023-09-15T13:18:34+00:00\",\"dateModified\":\"2023-09-15T13:18:37+00:00\",\"description\":\"Les nacelles articul\u00e9es ou \u00e0 ciseaux Hangcha \/ ZMG facilitent vos travaux \u00e0 des hauteurs vertigineuses et vous ram\u00e8nent au sol en toute s\u00e9curit\u00e9\",\"breadcrumb\":{\"@id\":\"https:\/\/www.multione-schweiz.ch\/fr\/plateformes-de-travail-jusqua-17-metres-hangcha-et-multimanutention\/#breadcrumb\"},\"inLanguage\":\"fr-FR\",\"potentialAction\":[{\"@type\":\"ReadAction\",\"target\":[\"https:\/\/www.multione-schweiz.ch\/fr\/plateformes-de-travail-jusqua-17-metres-hangcha-et-multimanutention\/\"]}]},{\"@type\":\"BreadcrumbList\",\"@id\":\"https:\/\/www.multione-schweiz.ch\/fr\/plateformes-de-travail-jusqua-17-metres-hangcha-et-multimanutention\/#breadcrumb\",\"itemListElement\":[{\"@type\":\"ListItem\",\"position\":1,\"name\":\"Startseite\",\"item\":\"https:\/\/www.multione-schweiz.ch\/fr\/maison\/\"},{\"@type\":\"ListItem\",\"position\":2,\"name\":\"Plateformes de travail jusqu&rsquo;\u00e0 17 m\u00e8tres &#8211; Hangcha et multimanutention\"}]},{\"@type\":\"WebSite\",\"@id\":\"https:\/\/www.multione-schweiz.ch\/fr\/#website\",\"url\":\"https:\/\/www.multione-schweiz.ch\/fr\/\",\"name\":\"Multione Schweiz\",\"description\":\"machines.services.success.\",\"potentialAction\":[{\"@type\":\"SearchAction\",\"target\":{\"@type\":\"EntryPoint\",\"urlTemplate\":\"https:\/\/www.multione-schweiz.ch\/fr\/?s={search_term_string}\"},\"query-input\":\"required name=search_term_string\"}],\"inLanguage\":\"fr-FR\"}]}<\/script>\n<!-- \/ Yoast SEO plugin. -->","yoast_head_json":{"title":"Plateformes de travail jusqu'\u00e0 17 m\u00e8tres - Hangcha et multimanutention","description":"Les nacelles articul\u00e9es ou \u00e0 ciseaux Hangcha \/ ZMG facilitent vos travaux \u00e0 des hauteurs vertigineuses et vous ram\u00e8nent au sol en toute s\u00e9curit\u00e9","robots":{"index":"index","follow":"follow","max-snippet":"max-snippet:-1","max-image-preview":"max-image-preview:large","max-video-preview":"max-video-preview:-1"},"canonical":"https:\/\/www.multione-schweiz.ch\/fr\/plateformes-de-travail-jusqua-17-metres-hangcha-et-multimanutention\/","twitter_card":"summary_large_image","twitter_title":"Plateformes de travail jusqu'\u00e0 17 m\u00e8tres - Hangcha et multimanutention","twitter_description":"Les nacelles articul\u00e9es ou \u00e0 ciseaux Hangcha \/ ZMG facilitent vos travaux \u00e0 des hauteurs vertigineuses et vous ram\u00e8nent au sol en toute s\u00e9curit\u00e9","twitter_misc":{"Dur\u00e9e de lecture estim\u00e9e":"7 minutes"},"schema":{"@context":"https:\/\/schema.org","@graph":[{"@type":"WebPage","@id":"https:\/\/www.multione-schweiz.ch\/fr\/plateformes-de-travail-jusqua-17-metres-hangcha-et-multimanutention\/","url":"https:\/\/www.multione-schweiz.ch\/fr\/plateformes-de-travail-jusqua-17-metres-hangcha-et-multimanutention\/","name":"Plateformes de travail jusqu'\u00e0 17 m\u00e8tres - Hangcha et multimanutention","isPartOf":{"@id":"https:\/\/www.multione-schweiz.ch\/fr\/#website"},"datePublished":"2023-09-15T13:18:34+00:00","dateModified":"2023-09-15T13:18:37+00:00","description":"Les nacelles articul\u00e9es ou \u00e0 ciseaux Hangcha \/ ZMG facilitent vos travaux \u00e0 des hauteurs vertigineuses et vous ram\u00e8nent au sol en toute s\u00e9curit\u00e9","breadcrumb":{"@id":"https:\/\/www.multione-schweiz.ch\/fr\/plateformes-de-travail-jusqua-17-metres-hangcha-et-multimanutention\/#breadcrumb"},"inLanguage":"fr-FR","potentialAction":[{"@type":"ReadAction","target":["https:\/\/www.multione-schweiz.ch\/fr\/plateformes-de-travail-jusqua-17-metres-hangcha-et-multimanutention\/"]}]},{"@type":"BreadcrumbList","@id":"https:\/\/www.multione-schweiz.ch\/fr\/plateformes-de-travail-jusqua-17-metres-hangcha-et-multimanutention\/#breadcrumb","itemListElement":[{"@type":"ListItem","position":1,"name":"Startseite","item":"https:\/\/www.multione-schweiz.ch\/fr\/maison\/"},{"@type":"ListItem","position":2,"name":"Plateformes de travail jusqu&rsquo;\u00e0 17 m\u00e8tres &#8211; Hangcha et multimanutention"}]},{"@type":"WebSite","@id":"https:\/\/www.multione-schweiz.ch\/fr\/#website","url":"https:\/\/www.multione-schweiz.ch\/fr\/","name":"Multione Schweiz","description":"machines.services.success.","potentialAction":[{"@type":"SearchAction","target":{"@type":"EntryPoint","urlTemplate":"https:\/\/www.multione-schweiz.ch\/fr\/?s={search_term_string}"},"query-input":"required name=search_term_string"}],"inLanguage":"fr-FR"}]}},"_links":{"self":[{"href":"https:\/\/www.multione-schweiz.ch\/fr\/wp-json\/wp\/v2\/pages\/13095"}],"collection":[{"href":"https:\/\/www.multione-schweiz.ch\/fr\/wp-json\/wp\/v2\/pages"}],"about":[{"href":"https:\/\/www.multione-schweiz.ch\/fr\/wp-json\/wp\/v2\/types\/page"}],"author":[{"embeddable":true,"href":"https:\/\/www.multione-schweiz.ch\/fr\/wp-json\/wp\/v2\/users\/1"}],"replies":[{"embeddable":true,"href":"https:\/\/www.multione-schweiz.ch\/fr\/wp-json\/wp\/v2\/comments?post=13095"}],"version-history":[{"count":2,"href":"https:\/\/www.multione-schweiz.ch\/fr\/wp-json\/wp\/v2\/pages\/13095\/revisions"}],"predecessor-version":[{"id":13097,"href":"https:\/\/www.multione-schweiz.ch\/fr\/wp-json\/wp\/v2\/pages\/13095\/revisions\/13097"}],"wp:attachment":[{"href":"https:\/\/www.multione-schweiz.ch\/fr\/wp-json\/wp\/v2\/media?parent=13095"}],"curies":[{"name":"wp","href":"https:\/\/api.w.org\/{rel}","templated":true}]}}