{"id":13220,"date":"2023-09-16T10:04:07","date_gmt":"2023-09-16T08:04:07","guid":{"rendered":"https:\/\/www.multione-schweiz.ch\/marchand-2\/"},"modified":"2023-09-16T10:04:12","modified_gmt":"2023-09-16T08:04:12","slug":"marchand-2","status":"publish","type":"page","link":"https:\/\/www.multione-schweiz.ch\/fr\/marchand-2\/","title":{"rendered":"Marchand"},"content":{"rendered":"<p>[et_pb_section fb_built=\u00a0\u00bb1&Prime; custom_padding_last_edited=\u00a0\u00bbon|phone\u00a0\u00bb module_class=\u00a0\u00bbgreyOverlay\u00a0\u00bb _builder_version=\u00a0\u00bb4.3.3&Prime; background_color=\u00a0\u00bbrgba(0,0,0,0)\u00a0\u00bb background_image=\u00a0\u00bbhttps:\/\/www.multione-schweiz.ch\/wp-content\/uploads\/2020\/03\/Header_Serie10_new.jpg\u00a0\u00bb custom_padding=\u00a0\u00bb225px||225px|\u00a0\u00bb custom_padding_tablet=\u00a0\u00bb125px||125px|\u00a0\u00bb custom_padding_phone=\u00a0\u00bb75px||75px|\u00a0\u00bb][\/et_pb_section][et_pb_section fb_built=\u00a0\u00bb1&Prime; module_id=\u00a0\u00bbabout\u00a0\u00bb module_class=\u00a0\u00bbsectionPic\u00a0\u00bb _builder_version=\u00a0\u00bb3.22&Prime; custom_padding=\u00a0\u00bb0px||0px|\u00a0\u00bb custom_padding_tablet=\u00a0\u00bb0px||0px|\u00a0\u00bb transparent_background=\u00a0\u00bboff\u00a0\u00bb padding_mobile=\u00a0\u00bbon\u00a0\u00bb][et_pb_row column_structure=\u00a0\u00bb1_2,1_2&Prime; use_custom_gutter=\u00a0\u00bbon\u00a0\u00bb gutter_width=\u00a0\u00bb0&Prime; padding_mobile=\u00a0\u00bbon\u00a0\u00bb make_equal=\u00a0\u00bbon\u00a0\u00bb column_padding_mobile=\u00a0\u00bbon\u00a0\u00bb module_class=\u00a0\u00bbrowPic et_pb_row_fullwidth\u00a0\u00bb _builder_version=\u00a0\u00bb4.3.3&Prime; background_size=\u00a0\u00bbinitial\u00a0\u00bb background_position=\u00a0\u00bbtop_left\u00a0\u00bb background_repeat=\u00a0\u00bbrepeat\u00a0\u00bb width=\u00a0\u00bb100%\u00a0\u00bb width_tablet=\u00a0\u00bb100%\u00a0\u00bb width_phone=\u00a0\u00bb\u00a0\u00bb width_last_edited=\u00a0\u00bbon|desktop\u00a0\u00bb max_width=\u00a0\u00bb100%\u00a0\u00bb max_width_tablet=\u00a0\u00bb100%\u00a0\u00bb max_width_phone=\u00a0\u00bb\u00a0\u00bb max_width_last_edited=\u00a0\u00bbon|desktop\u00a0\u00bb min_height=\u00a0\u00bb565px\u00a0\u00bb custom_padding=\u00a0\u00bb0px||0px|\u00a0\u00bb hover_enabled=\u00a0\u00bb0&Prime; make_fullwidth=\u00a0\u00bbon\u00a0\u00bb][et_pb_column type=\u00a0\u00bb1_2&Prime; _builder_version=\u00a0\u00bb4.3.3&Prime; background_color=\u00a0\u00bb#f9f9f9&Prime; custom_padding=\u00a0\u00bb100px|40px|0px|40px|false|false\u00a0\u00bb hover_enabled=\u00a0\u00bb0&Prime; custom_padding__hover=\u00a0\u00bb|||\u00a0\u00bb custom_padding_last_edited=\u00a0\u00bbon|phone\u00a0\u00bb custom_padding_phone=\u00a0\u00bb35px||||false|false\u00a0\u00bb][et_pb_text _builder_version=\u00a0\u00bb4.3.3&Prime; text_font=\u00a0\u00bb||||||||\u00a0\u00bb quote_font=\u00a0\u00bbMerriweather||on||||||\u00a0\u00bb header_font=\u00a0\u00bbMontserrat||||||||\u00a0\u00bb header_2_text_color=\u00a0\u00bb#147cc2&Prime; header_2_font_size=\u00a0\u00bb40px\u00a0\u00bb background_size=\u00a0\u00bbinitial\u00a0\u00bb background_position=\u00a0\u00bbtop_left\u00a0\u00bb background_repeat=\u00a0\u00bbrepeat\u00a0\u00bb custom_margin=\u00a0\u00bb||15px\u00a0\u00bb animation_direction=\u00a0\u00bbright\u00a0\u00bb hover_enabled=\u00a0\u00bb0&Prime; header_2_font_size_tablet=\u00a0\u00bb\u00a0\u00bb header_2_font_size_phone=\u00a0\u00bb16px\u00a0\u00bb header_2_font_size_last_edited=\u00a0\u00bbon|phone\u00a0\u00bb use_border_color=\u00a0\u00bboff\u00a0\u00bb]<\/p>\n<h2>H\u00e4ndler werden<\/h2>\n<p>[\/et_pb_text][et_pb_text _builder_version=\u00a0\u00bb4.3.3&Prime; text_font=\u00a0\u00bb||||||||\u00a0\u00bb text_text_color=\u00a0\u00bb#696969&Prime; quote_font=\u00a0\u00bbMerriweather||on||||||\u00a0\u00bb header_2_font_size=\u00a0\u00bb40px\u00a0\u00bb background_size=\u00a0\u00bbinitial\u00a0\u00bb background_position=\u00a0\u00bbtop_left\u00a0\u00bb background_repeat=\u00a0\u00bbrepeat\u00a0\u00bb custom_padding=\u00a0\u00bb||30px|\u00a0\u00bb header_2_font_size_tablet=\u00a0\u00bb\u00a0\u00bb header_2_font_size_phone=\u00a0\u00bb30px\u00a0\u00bb header_2_font_size_last_edited=\u00a0\u00bbon|phone\u00a0\u00bb use_border_color=\u00a0\u00bboff\u00a0\u00bb]<\/p>\n<p style=\"font-weight: 400;\">\n            <span>Der Handel von Maschinen und die darin umfassende Dienstleistung unterliegen einem grossen Verdr\u00e4ngungsmarkt. Afin de fid\u00e9liser vos clients, cela n\u00e9cessite un d\u00e9veloppement constant. Vous devez offrir \u00e0 vos clients plus que ce que peuvent faire vos concurrents ou m\u00eame vos voisins du m\u00eame village. Offrez \u00e0 vos clients une gamme compl\u00e8te de produits et services !<\/span>\n          <\/p>\n<\/p>\n<p>[\/et_pb_text][et_pb_button button_url=\u00a0\u00bbhttps:\/\/www.multione-schweiz.ch\/kontakt\/\u00a0\u00bb button_text=\u00a0\u00bbDevenir notre distributeur MultiOne\u00a0\u00bb button_alignment=\u00a0\u00bbleft\u00a0\u00bb module_class=\u00a0\u00bbsmallButton\u00a0\u00bb _builder_version=\u00a0\u00bb4.3.3&Prime; custom_button=\u00a0\u00bbon\u00a0\u00bb button_text_size=\u00a0\u00bb12&Prime; button_text_color=\u00a0\u00bb#ffffff\u00a0\u00bb button_bg_color=\u00a0\u00bb#147cc2&Prime; button_border_width=\u00a0\u00bb2px\u00a0\u00bb button_border_color=\u00a0\u00bb#147cc2&Prime; button_use_icon=\u00a0\u00bboff\u00a0\u00bb custom_padding=\u00a0\u00bb10px|25px|6px|30px|false|false\u00a0\u00bb button_text_size_tablet=\u00a0\u00bb\u00a0\u00bb button_text_size_phone=\u00a0\u00bb8px\u00a0\u00bb button_text_size_last_edited=\u00a0\u00bbon|phone\u00a0\u00bb button_text_color_hover=\u00a0\u00bb#000000&Prime; button_border_radius_hover=\u00a0\u00bb0&Prime; button_bg_color_hover=\u00a0\u00bbrgba(0,0,0,0)\u00a0\u00bb button_text_size__hover_enabled=\u00a0\u00bboff\u00a0\u00bb button_one_text_size__hover_enabled=\u00a0\u00bboff\u00a0\u00bb button_two_text_size__hover_enabled=\u00a0\u00bboff\u00a0\u00bb button_text_color__hover_enabled=\u00a0\u00bbon\u00a0\u00bb button_text_color__hover=\u00a0\u00bb#000000&Prime; button_one_text_color__hover_enabled=\u00a0\u00bboff\u00a0\u00bb button_two_text_color__hover_enabled=\u00a0\u00bboff\u00a0\u00bb button_border_width__hover_enabled=\u00a0\u00bboff\u00a0\u00bb button_one_border_width__hover_enabled=\u00a0\u00bboff\u00a0\u00bb button_two_border_width__hover_enabled=\u00a0\u00bboff\u00a0\u00bb button_border_color__hover_enabled=\u00a0\u00bboff\u00a0\u00bb button_one_border_color__hover_enabled=\u00a0\u00bboff\u00a0\u00bb button_two_border_color__hover_enabled=\u00a0\u00bboff\u00a0\u00bb button_border_radius__hover_enabled=\u00a0\u00bbon\u00a0\u00bb button_border_radius__hover=\u00a0\u00bb0&Prime; button_one_border_radius__hover_enabled=\u00a0\u00bboff\u00a0\u00bb button_two_border_radius__hover_enabled=\u00a0\u00bboff\u00a0\u00bb button_letter_spacing__hover_enabled=\u00a0\u00bboff\u00a0\u00bb button_one_letter_spacing__hover_enabled=\u00a0\u00bboff\u00a0\u00bb button_two_letter_spacing__hover_enabled=\u00a0\u00bboff\u00a0\u00bb button_bg_color__hover_enabled=\u00a0\u00bbon\u00a0\u00bb button_bg_color__hover=\u00a0\u00bbrgba(0,0,0,0)\u00a0\u00bb button_one_bg_color__hover_enabled=\u00a0\u00bboff\u00a0\u00bb button_two_bg_color__hover_enabled=\u00a0\u00bboff\u00a0\u00bb][\/et_pb_button][\/et_pb_column][et_pb_column type=\u00a0\u00bb1_2&Prime; module_class=\u00a0\u00bbrowPicImage\u00a0\u00bb _builder_version=\u00a0\u00bb4.3.3&Prime; background_color=\u00a0\u00bb#ffffff\u00a0\u00bb background_enable_image=\u00a0\u00bboff\u00a0\u00bb background_size=\u00a0\u00bbcontain\u00a0\u00bb custom_padding=\u00a0\u00bb|||\u00a0\u00bb custom_padding__hover=\u00a0\u00bb|||\u00a0\u00bb][et_pb_image src=\u00a0\u00bbhttps:\/\/www.multione-schweiz.ch\/wp-content\/uploads\/2020\/02\/Multione_Slider3.png\u00a0\u00bb align=\u00a0\u00bbcenter\u00a0\u00bb _builder_version=\u00a0\u00bb4.3.3&Prime;][\/et_pb_image][\/et_pb_column][\/et_pb_row][\/et_pb_section][et_pb_section fb_built=\u00a0\u00bb1&Prime; custom_padding_last_edited=\u00a0\u00bbon|phone\u00a0\u00bb module_id=\u00a0\u00bbentreprise\u00a0\u00bb _builder_version=\u00a0\u00bb4.3.3&Prime; background_color=\u00a0\u00bb#147cc2&Prime; background_enable_image=\u00a0\u00bboff\u00a0\u00bb custom_padding=\u00a0\u00bb26px||44px|||\u00a0\u00bb custom_padding_tablet=\u00a0\u00bb125px||125px|\u00a0\u00bb custom_padding_phone=\u00a0\u00bb75px||75px|\u00a0\u00bb][et_pb_row _builder_version=\u00a0\u00bb4.2.1&Prime; custom_padding=\u00a0\u00bb1px|||||\u00a0\u00bb][et_pb_column type=\u00a0\u00bb4_4&Prime; _builder_version=\u00a0\u00bb4.2.1&Prime;][et_pb_text _builder_version=\u00a0\u00bb4.3.3&Prime;]<\/p>\n<p>[\/et_pb_text][\/et_pb_column][\/et_pb_row][\/et_pb_section][et_pb_section fb_built=\u00a0\u00bb1&Prime; module_id=\u00a0\u00bbfooter\u00a0\u00bb _builder_version=\u00a0\u00bb4.3.3&Prime; background_color=\u00a0\u00bb#f9f9f9&Prime; custom_padding=\u00a0\u00bb50px||43px||false|false\u00a0\u00bb custom_padding_tablet=\u00a0\u00bb0px||0px|\u00a0\u00bb transparent_background=\u00a0\u00bboff\u00a0\u00bb padding_mobile=\u00a0\u00bbon\u00a0\u00bb global_module=\u00a0\u00bb191&Prime;][et_pb_row column_structure=\u00a0\u00bb1_4,1_4,1_4,1_4&Prime; _builder_version=\u00a0\u00bb4.3.3&Prime; custom_padding=\u00a0\u00bb13px||||false|false\u00a0\u00bb][et_pb_column type=\u00a0\u00bb1_4&Prime; _builder_version=\u00a0\u00bb4.2.2&Prime;][et_pb_text _builder_version=\u00a0\u00bb4.3.3&Prime; header_font_size=\u00a0\u00bb43px\u00a0\u00bb header_3_font_size=\u00a0\u00bb20px\u00a0\u00bb header_5_text_color=\u00a0\u00bb#b41412&Prime; header_5_font_size=\u00a0\u00bb14px\u00a0\u00bb header_5_letter_spacing=\u00a0\u00bb2px\u00a0\u00bb custom_margin=\u00a0\u00bb||10px|||\u00a0\u00bb]<\/p>\n<h5>nos marques<\/h5>\n<p>[\/et_pb_text][et_pb_image src=\u00a0\u00bbhttps:\/\/www.multione-schweiz.ch\/wp-content\/uploads\/2020\/08\/Markelnlogos_Block_Juli2020-1.png\u00a0\u00bb _builder_version=\u00a0\u00bb4.3.3&Prime; width=\u00a0\u00bb65%\u00a0\u00bb][\/et_pb_image][\/et_pb_column][et_pb_column type=\u00a0\u00bb1_4&Prime; _builder_version=\u00a0\u00bb4.2.2&Prime;][et_pb_text _builder_version=\u00a0\u00bb4.3.3&Prime; header_font_size=\u00a0\u00bb43px\u00a0\u00bb header_3_font_size=\u00a0\u00bb20px\u00a0\u00bb header_5_text_color=\u00a0\u00bb#b41412&Prime; header_5_font_size=\u00a0\u00bb14px\u00a0\u00bb header_5_letter_spacing=\u00a0\u00bb2px\u00a0\u00bb link_option_url=\u00a0\u00bbhttps:\/\/www.multione-schweiz.ch\/impressum\/\u00a0\u00bb]<\/p>\n<h5>Multihandling AG<\/h5>\n<p>[\/et_pb_text][et_pb_text _builder_version=\u00a0\u00bb4.3.3&Prime; text_text_color=\u00a0\u00bb#b41412&Prime; header_font_size=\u00a0\u00bb43px\u00a0\u00bb header_3_font_size=\u00a0\u00bb20px\u00a0\u00bb header_5_text_color=\u00a0\u00bb#b41412&Prime; header_5_font_size=\u00a0\u00bb14px\u00a0\u00bb]<\/p>\n<p>Machines.<br \/>services.<br \/>success.<\/p>\n<p>[\/et_pb_text][\/et_pb_column][et_pb_column type=\u00a0\u00bb1_4&Prime; _builder_version=\u00a0\u00bb4.2.2&Prime;][et_pb_text _builder_version=\u00a0\u00bb4.3.3&Prime; header_font_size=\u00a0\u00bb43px\u00a0\u00bb header_3_font_size=\u00a0\u00bb20px\u00a0\u00bb header_5_text_color=\u00a0\u00bb#b41412&Prime; header_5_font_size=\u00a0\u00bb14px\u00a0\u00bb header_5_letter_spacing=\u00a0\u00bb3px\u00a0\u00bb custom_margin=\u00a0\u00bb||1px|||\u00a0\u00bb link_option_url=\u00a0\u00bbhttps:\/\/www.multione-schweiz.ch\/fr\/protection-des-donnees\/\u00a0\u00bb]<\/p>\n<h5 style=\"text-align: left;\">Rechtliches &amp; Social Media<\/h5>\n<p>[\/et_pb_text][et_pb_text _builder_version=\u00a0\u00bb4.3.3&Prime; text_text_color=\u00a0\u00bb#b41412&Prime; header_font_size=\u00a0\u00bb43px\u00a0\u00bb header_3_font_size=\u00a0\u00bb20px\u00a0\u00bb header_5_text_color=\u00a0\u00bb#b41412&Prime; header_5_font_size=\u00a0\u00bb14px\u00a0\u00bb custom_margin=\u00a0\u00bb-12px||||false|false\u00a0\u00bb custom_padding=\u00a0\u00bb0px||0px||false|false\u00a0\u00bb]<\/p>\n<p><span style=\"color: #b41412;\"><a href=\"https:\/\/www.multione-schweiz.ch\/impressum\/\" style=\"color: #b41412;\">Impressum<\/a><\/span><br \/> <span style=\"color: #b41412;\"><a href=\"https:\/\/www.multione-schweiz.ch\/fr\/protection-des-donnees\/\" style=\"color: #b41412;\">Datenschutz<br \/><\/a><\/span><span style=\"color: #b41412;\"><a href=\"https:\/\/www.multione-schweiz.ch\/AGB\" style=\"color: #b41412;\">AGB<br \/><\/a><\/span> <\/p>\n<p>[\/et_pb_text][et_pb_social_media_follow _builder_version=\u00a0\u00bb4.3.3&Prime;][et_pb_social_media_follow_network social_network=\u00a0\u00bbfacebook\u00a0\u00bb url=\u00a0\u00bbhttps:\/\/www.facebook.com\/multihandling\/\u00a0\u00bb use_icon_font_size=\u00a0\u00bbon\u00a0\u00bb icon_font_size=\u00a0\u00bb19px\u00a0\u00bb _builder_version=\u00a0\u00bb4.3.3&Prime; background_color=\u00a0\u00bb#b41412&Prime; background_enable_color=\u00a0\u00bbon\u00a0\u00bb follow_button=\u00a0\u00bboff\u00a0\u00bb url_new_window=\u00a0\u00bbon\u00a0\u00bb]facebook[\/et_pb_social_media_follow_network][et_pb_social_media_follow_network social_network=\u00a0\u00bbinstagram\u00a0\u00bb url=\u00a0\u00bbhttps:\/\/instagram.com\/multi_handling?igshid=zulhr7dvrvug\u00a0\u00bb use_icon_font_size=\u00a0\u00bbon\u00a0\u00bb icon_font_size=\u00a0\u00bb19px\u00a0\u00bb _builder_version=\u00a0\u00bb4.3.3&Prime; background_color=\u00a0\u00bb#b41412&Prime; background_enable_color=\u00a0\u00bbon\u00a0\u00bb follow_button=\u00a0\u00bboff\u00a0\u00bb url_new_window=\u00a0\u00bbon\u00a0\u00bb]instagram[\/et_pb_social_media_follow_network][et_pb_social_media_follow_network social_network=\u00a0\u00bblinkedin\u00a0\u00bb url=\u00a0\u00bbhttps:\/\/www.linkedin.com\/company\/multi-handling-ag\u00a0\u00bb use_icon_font_size=\u00a0\u00bbon\u00a0\u00bb icon_font_size=\u00a0\u00bb19px\u00a0\u00bb _builder_version=\u00a0\u00bb4.3.3&Prime; background_color=\u00a0\u00bb#b41412&Prime; background_enable_color=\u00a0\u00bbon\u00a0\u00bb follow_button=\u00a0\u00bboff\u00a0\u00bb url_new_window=\u00a0\u00bbon\u00a0\u00bb]linkedin[\/et_pb_social_media_follow_network][\/et_pb_social_media_follow][\/et_pb_column][et_pb_column type=\u00a0\u00bb1_4&Prime; _builder_version=\u00a0\u00bb4.2.2&Prime;][et_pb_text _builder_version=\u00a0\u00bb4.3.3&Prime; header_font_size=\u00a0\u00bb43px\u00a0\u00bb header_3_font_size=\u00a0\u00bb20px\u00a0\u00bb header_5_text_color=\u00a0\u00bb#b41412&Prime; header_5_font_size=\u00a0\u00bb14px\u00a0\u00bb header_5_letter_spacing=\u00a0\u00bb2px\u00a0\u00bb]<\/p>\n<h5>Contact<\/h5>\n<p>[\/et_pb_text][et_pb_text _builder_version=\u00a0\u00bb4.3.3&Prime; text_text_color=\u00a0\u00bb#b41412&Prime; header_font_size=\u00a0\u00bb43px\u00a0\u00bb header_3_font_size=\u00a0\u00bb20px\u00a0\u00bb header_5_text_color=\u00a0\u00bb#b41412&Prime; header_5_font_size=\u00a0\u00bb14px\u00a0\u00bb]<\/p>\n<p>Multi-Handling AG<br \/> Rue St. Urbanstrasse 34<br \/> 4914 Roggwil BE<\/p>\n<p><span>+41 62 557 37 90<\/span><br \/> <span style=\"color: #00ff00;\"><a href=\"mailto:info@multione-schweiz.ch\" style=\"color: #b41412;\"><span style=\"color: #b41412;\">info@multione-schweiz.ch<\/span><\/a><\/span><\/p>\n<p>[\/et_pb_text][\/et_pb_column][\/et_pb_row][\/et_pb_section]<\/p>\n","protected":false},"excerpt":{"rendered":"<p>H\u00e4ndler werden Der Handel von Maschinen und die darin umfassende Dienstleistung unterliegen einem grossen Verdr\u00e4ngungsmarkt. Afin de fid\u00e9liser vos clients, cela n\u00e9cessite un d\u00e9veloppement constant. Vous devez offrir \u00e0 vos clients plus que ce que peuvent faire vos concurrents ou m\u00eame vos voisins du m\u00eame village. Offrez \u00e0 vos clients une gamme compl\u00e8te de produits [&hellip;]<\/p>\n","protected":false},"author":1,"featured_media":0,"parent":0,"menu_order":0,"comment_status":"closed","ping_status":"closed","template":"","meta":{"_et_pb_use_builder":"on","_et_pb_old_content":"","_et_gb_content_width":""},"yoast_head":"<!-- This site is optimized with the Yoast SEO plugin v20.6 - https:\/\/yoast.com\/wordpress\/plugins\/seo\/ -->\n<title>Marchand - Multione Schweiz<\/title>\n<meta name=\"robots\" content=\"index, follow, max-snippet:-1, max-image-preview:large, max-video-preview:-1\" \/>\n<link rel=\"canonical\" href=\"https:\/\/www.multione-schweiz.ch\/fr\/marchand-2\/\" \/>\n<meta name=\"twitter:card\" content=\"summary_large_image\" \/>\n<meta name=\"twitter:title\" content=\"Marchand - Multione Schweiz\" \/>\n<meta name=\"twitter:description\" content=\"H\u00e4ndler werden Der Handel von Maschinen und die darin umfassende Dienstleistung unterliegen einem grossen Verdr\u00e4ngungsmarkt. Afin de fid\u00e9liser vos clients, cela n\u00e9cessite un d\u00e9veloppement constant. Vous devez offrir \u00e0 vos clients plus que ce que peuvent faire vos concurrents ou m\u00eame vos voisins du m\u00eame village. Offrez \u00e0 vos clients une gamme compl\u00e8te de produits [&hellip;]\" \/>\n<meta name=\"twitter:label1\" content=\"Dur\u00e9e de lecture estim\u00e9e\" \/>\n\t<meta name=\"twitter:data1\" content=\"6 minutes\" \/>\n<script type=\"application\/ld+json\" class=\"yoast-schema-graph\">{\"@context\":\"https:\/\/schema.org\",\"@graph\":[{\"@type\":\"WebPage\",\"@id\":\"https:\/\/www.multione-schweiz.ch\/fr\/marchand-2\/\",\"url\":\"https:\/\/www.multione-schweiz.ch\/fr\/marchand-2\/\",\"name\":\"Marchand - Multione Schweiz\",\"isPartOf\":{\"@id\":\"https:\/\/www.multione-schweiz.ch\/fr\/#website\"},\"datePublished\":\"2023-09-16T08:04:07+00:00\",\"dateModified\":\"2023-09-16T08:04:12+00:00\",\"breadcrumb\":{\"@id\":\"https:\/\/www.multione-schweiz.ch\/fr\/marchand-2\/#breadcrumb\"},\"inLanguage\":\"fr-FR\",\"potentialAction\":[{\"@type\":\"ReadAction\",\"target\":[\"https:\/\/www.multione-schweiz.ch\/fr\/marchand-2\/\"]}]},{\"@type\":\"BreadcrumbList\",\"@id\":\"https:\/\/www.multione-schweiz.ch\/fr\/marchand-2\/#breadcrumb\",\"itemListElement\":[{\"@type\":\"ListItem\",\"position\":1,\"name\":\"Startseite\",\"item\":\"https:\/\/www.multione-schweiz.ch\/fr\/maison\/\"},{\"@type\":\"ListItem\",\"position\":2,\"name\":\"Marchand\"}]},{\"@type\":\"WebSite\",\"@id\":\"https:\/\/www.multione-schweiz.ch\/fr\/#website\",\"url\":\"https:\/\/www.multione-schweiz.ch\/fr\/\",\"name\":\"Multione Schweiz\",\"description\":\"machines.services.success.\",\"potentialAction\":[{\"@type\":\"SearchAction\",\"target\":{\"@type\":\"EntryPoint\",\"urlTemplate\":\"https:\/\/www.multione-schweiz.ch\/fr\/?s={search_term_string}\"},\"query-input\":\"required name=search_term_string\"}],\"inLanguage\":\"fr-FR\"}]}<\/script>\n<!-- \/ Yoast SEO plugin. -->","yoast_head_json":{"title":"Marchand - Multione Schweiz","robots":{"index":"index","follow":"follow","max-snippet":"max-snippet:-1","max-image-preview":"max-image-preview:large","max-video-preview":"max-video-preview:-1"},"canonical":"https:\/\/www.multione-schweiz.ch\/fr\/marchand-2\/","twitter_card":"summary_large_image","twitter_title":"Marchand - Multione Schweiz","twitter_description":"H\u00e4ndler werden Der Handel von Maschinen und die darin umfassende Dienstleistung unterliegen einem grossen Verdr\u00e4ngungsmarkt. Afin de fid\u00e9liser vos clients, cela n\u00e9cessite un d\u00e9veloppement constant. Vous devez offrir \u00e0 vos clients plus que ce que peuvent faire vos concurrents ou m\u00eame vos voisins du m\u00eame village. Offrez \u00e0 vos clients une gamme compl\u00e8te de produits [&hellip;]","twitter_misc":{"Dur\u00e9e de lecture estim\u00e9e":"6 minutes"},"schema":{"@context":"https:\/\/schema.org","@graph":[{"@type":"WebPage","@id":"https:\/\/www.multione-schweiz.ch\/fr\/marchand-2\/","url":"https:\/\/www.multione-schweiz.ch\/fr\/marchand-2\/","name":"Marchand - Multione Schweiz","isPartOf":{"@id":"https:\/\/www.multione-schweiz.ch\/fr\/#website"},"datePublished":"2023-09-16T08:04:07+00:00","dateModified":"2023-09-16T08:04:12+00:00","breadcrumb":{"@id":"https:\/\/www.multione-schweiz.ch\/fr\/marchand-2\/#breadcrumb"},"inLanguage":"fr-FR","potentialAction":[{"@type":"ReadAction","target":["https:\/\/www.multione-schweiz.ch\/fr\/marchand-2\/"]}]},{"@type":"BreadcrumbList","@id":"https:\/\/www.multione-schweiz.ch\/fr\/marchand-2\/#breadcrumb","itemListElement":[{"@type":"ListItem","position":1,"name":"Startseite","item":"https:\/\/www.multione-schweiz.ch\/fr\/maison\/"},{"@type":"ListItem","position":2,"name":"Marchand"}]},{"@type":"WebSite","@id":"https:\/\/www.multione-schweiz.ch\/fr\/#website","url":"https:\/\/www.multione-schweiz.ch\/fr\/","name":"Multione Schweiz","description":"machines.services.success.","potentialAction":[{"@type":"SearchAction","target":{"@type":"EntryPoint","urlTemplate":"https:\/\/www.multione-schweiz.ch\/fr\/?s={search_term_string}"},"query-input":"required name=search_term_string"}],"inLanguage":"fr-FR"}]}},"_links":{"self":[{"href":"https:\/\/www.multione-schweiz.ch\/fr\/wp-json\/wp\/v2\/pages\/13220"}],"collection":[{"href":"https:\/\/www.multione-schweiz.ch\/fr\/wp-json\/wp\/v2\/pages"}],"about":[{"href":"https:\/\/www.multione-schweiz.ch\/fr\/wp-json\/wp\/v2\/types\/page"}],"author":[{"embeddable":true,"href":"https:\/\/www.multione-schweiz.ch\/fr\/wp-json\/wp\/v2\/users\/1"}],"replies":[{"embeddable":true,"href":"https:\/\/www.multione-schweiz.ch\/fr\/wp-json\/wp\/v2\/comments?post=13220"}],"version-history":[{"count":2,"href":"https:\/\/www.multione-schweiz.ch\/fr\/wp-json\/wp\/v2\/pages\/13220\/revisions"}],"predecessor-version":[{"id":13222,"href":"https:\/\/www.multione-schweiz.ch\/fr\/wp-json\/wp\/v2\/pages\/13220\/revisions\/13222"}],"wp:attachment":[{"href":"https:\/\/www.multione-schweiz.ch\/fr\/wp-json\/wp\/v2\/media?parent=13220"}],"curies":[{"name":"wp","href":"https:\/\/api.w.org\/{rel}","templated":true}]}}