{"id":13287,"date":"2023-09-16T17:12:51","date_gmt":"2023-09-16T15:12:51","guid":{"rendered":"https:\/\/www.multione-schweiz.ch\/imprimer\/"},"modified":"2023-09-16T17:12:56","modified_gmt":"2023-09-16T15:12:56","slug":"imprimer","status":"publish","type":"page","link":"https:\/\/www.multione-schweiz.ch\/fr\/imprimer\/","title":{"rendered":"imprimer"},"content":{"rendered":"<p>[et_pb_section fb_built=\u00a0\u00bb1&Prime; custom_padding_last_edited=\u00a0\u00bbon|phone\u00a0\u00bb module_id=\u00a0\u00bbentreprise\u00a0\u00bb _builder_version=\u00a0\u00bb4.17.1&Prime; background_color=\u00a0\u00bb#FFFFFF\u00a0\u00bb custom_padding=\u00a0\u00bb160px||160px|||\u00a0\u00bb custom_padding_tablet=\u00a0\u00bb125px||125px|\u00a0\u00bb custom_padding_phone=\u00a0\u00bb75px||75px|\u00a0\u00bb hover_enabled=\u00a0\u00bb0&Prime; global_colors_info=\u00a0\u00bb{}\u00a0\u00bb sticky_enabled=\u00a0\u00bb0&Prime; title_text=\u00a0\u00bbHoflader Multione Landwirtschaft\u00a0\u00bb background_image=\u00a0\u00bbhttps:\/\/www.multione-schweiz.ch\/wp-content\/uploads\/2020\/03\/SLIDER1_MULTIONE.jpg\u00a0\u00bb background_size=\u00a0\u00bbcontain\u00a0\u00bb][\/et_pb_section][et_pb_section fb_built=\u00a0\u00bb1&Prime; _builder_version=\u00a0\u00bb4.16&Prime; global_colors_info=\u00a0\u00bb{}\u00a0\u00bb][et_pb_row _builder_version=\u00a0\u00bb4.16&Prime; global_colors_info=\u00a0\u00bb{}\u00a0\u00bb][et_pb_column type=\u00a0\u00bb4_4&Prime; _builder_version=\u00a0\u00bb4.16&Prime; global_colors_info=\u00a0\u00bb{}\u00a0\u00bb][et_pb_text _builder_version=\u00a0\u00bb4.16&Prime; custom_padding=\u00a0\u00bb42px|||||\u00a0\u00bb global_colors_info=\u00a0\u00bb{}\u00a0\u00bb]<\/p>\n<h2>Impressum<\/h2>\n<p>[\/et_pb_text][et_pb_text _builder_version=\u00a0\u00bb4.17.1&Prime; global_colors_info=\u00a0\u00bb{}\u00a0\u00bb]<\/p>\n<p>\n            <strong>Kontakt-Adresse<\/strong>\n          <\/p>\n<p>Multi-Handling AG<br \/>Rue St. Urbanstrasse 34<br \/>4914 Roggwil<br \/>Schweiz<\/p>\n<p>E-Mail:<br \/>info@multione-schweiz.ch<\/p>\n<p>\n            <strong>Vertretungsberechtigte Person(en)<\/strong>\n          <\/p>\n<p><span>Sandro Matteucci<\/span>,Pr\u00e9sident du Conseil d&rsquo;administration<\/p>\n<p>\n            <strong>Inscription au registre du commerce<\/strong>\n          <\/p>\n<p>Raison sociale enregistr\u00e9e : Multi Handling AG<br \/>Num\u00e9ro de registre du commerce : CHE-220.898.707<\/p>\n<p><strong>num\u00e9ro de TVA<\/strong><br \/>CHE-220.898.707<\/p>\n<p>\n            <strong>Haftungsausschluss<\/strong>\n          <\/p>\n<p>L&rsquo;auteur n&rsquo;assume aucune responsabilit\u00e9 quant \u00e0 l&rsquo;exactitude, la pr\u00e9cision, l&rsquo;actualit\u00e9, la fiabilit\u00e9 et l&rsquo;exhaustivit\u00e9 des informations.<br \/>Les r\u00e9clamations en responsabilit\u00e9 contre l&rsquo;auteur pour des dommages mat\u00e9riels ou immat\u00e9riels r\u00e9sultant de l&rsquo;acc\u00e8s ou de l&rsquo;utilisation ou de la non-utilisation des informations publi\u00e9es, d&rsquo;une mauvaise utilisation de la connexion ou de dysfonctionnements techniques sont exclues.<br \/>Alle Angebote sind unverbindlich. L&rsquo;auteur se r\u00e9serve express\u00e9ment le droit de modifier, de compl\u00e9ter ou de supprimer des parties de pages ou l&rsquo;ensemble de l&rsquo;offre sans pr\u00e9avis ou d&rsquo;arr\u00eater temporairement ou d\u00e9finitivement la publication.<\/p>\n<p>\n            <strong>Haftungsausschluss f\u00fcr Links<\/strong>\n          <\/p>\n<p>Les r\u00e9f\u00e9rences et liens vers des sites Web tiers ne rel\u00e8vent pas de notre domaine de responsabilit\u00e9. Il a rejet\u00e9 toute responsabilit\u00e9 concernant ces sites Web. L\u2019acc\u00e8s et l\u2019utilisation de ces sites Internet se font aux propres risques de l\u2019utilisateur.<\/p>\n<p>\n            <strong>Droits d&rsquo;auteur<\/strong>\n          <\/p>\n<p>Die Urheber- und alle anderen Rechte an Inhalten, Bildern, Fotos oder anderen Dateien auf dieser Website, geh\u00f6ren ausschliesslich <strong>der Firma Multi Handling AG<\/strong> oder den speziell genannten Rechteinhabern. L&rsquo;accord \u00e9crit du titulaire des droits d&rsquo;auteur doit \u00eatre obtenu au pr\u00e9alable pour la reproduction de tout \u00e9l\u00e9ment.<\/p>\n<p>Quelle: <a href=\"https:\/\/www.swissanwalt.ch\/\">SwissAnwalt<\/a><\/p>\n<p>[\/et_pb_text][et_pb_button button_url=\u00a0\u00bbhttps:\/\/www.multione-schweiz.ch\/fr\/\u00a0\u00bb button_text=\u00a0\u00bbretour\u00a0\u00bb _builder_version=\u00a0\u00bb4.17.1&Prime; custom_button=\u00a0\u00bbon\u00a0\u00bb button_text_size=\u00a0\u00bb14px\u00a0\u00bb button_bg_color=\u00a0\u00bb#147cc2&Prime; button_border_color=\u00a0\u00bb#147cc2&Prime; hover_enabled=\u00a0\u00bb0&Prime; global_colors_info=\u00a0\u00bb{}\u00a0\u00bb button_bg_enable_color=\u00a0\u00bbon\u00a0\u00bb sticky_enabled=\u00a0\u00bb0&Prime;][\/et_pb_button][\/et_pb_column][\/et_pb_row][et_pb_row _builder_version=\u00a0\u00bb4.16&Prime; global_colors_info=\u00a0\u00bb{}\u00a0\u00bb][et_pb_column type=\u00a0\u00bb4_4&Prime; _builder_version=\u00a0\u00bb4.16&Prime; global_colors_info=\u00a0\u00bb{}\u00a0\u00bb][et_pb_text _builder_version=\u00a0\u00bb4.16&Prime; global_colors_info=\u00a0\u00bb{}\u00a0\u00bb]<\/p>\n<\/p>\n<p>[\/et_pb_text][\/et_pb_column][\/et_pb_row][\/et_pb_section][et_pb_section fb_built=\u00a0\u00bb1&Prime; _builder_version=\u00a0\u00bb4.17.1&Prime; background_color=\u00a0\u00bb#147cc2&Prime; hover_enabled=\u00a0\u00bb0&Prime; global_colors_info=\u00a0\u00bb{}\u00a0\u00bb sticky_enabled=\u00a0\u00bb0&Prime;][et_pb_row _builder_version=\u00a0\u00bb4.16&Prime; custom_padding=\u00a0\u00bb1px|||||\u00a0\u00bb global_colors_info=\u00a0\u00bb{}\u00a0\u00bb][et_pb_column type=\u00a0\u00bb4_4&Prime; _builder_version=\u00a0\u00bb4.16&Prime; global_colors_info=\u00a0\u00bb{}\u00a0\u00bb][et_pb_text _builder_version=\u00a0\u00bb4.16&Prime; global_colors_info=\u00a0\u00bb{}\u00a0\u00bb]<\/p>\n<p>[\/et_pb_text][\/et_pb_column][\/et_pb_row][\/et_pb_section][et_pb_section fb_built=\u00a0\u00bb1&Prime; module_id=\u00a0\u00bbfooter\u00a0\u00bb _builder_version=\u00a0\u00bb4.3.3&Prime; background_color=\u00a0\u00bb#f9f9f9&Prime; custom_padding=\u00a0\u00bb50px||43px||false|false\u00a0\u00bb custom_padding_tablet=\u00a0\u00bb0px||0px|\u00a0\u00bb transparent_background=\u00a0\u00bboff\u00a0\u00bb padding_mobile=\u00a0\u00bbon\u00a0\u00bb global_module=\u00a0\u00bb191&Prime; global_colors_info=\u00a0\u00bb{}\u00a0\u00bb][et_pb_row column_structure=\u00a0\u00bb1_3,1_3,1_3&Prime; _builder_version=\u00a0\u00bb4.16&Prime; custom_padding=\u00a0\u00bb13px||||false|false\u00a0\u00bb global_colors_info=\u00a0\u00bb{}\u00a0\u00bb][et_pb_column type=\u00a0\u00bb1_3&Prime; _builder_version=\u00a0\u00bb4.16&Prime; global_colors_info=\u00a0\u00bb{}\u00a0\u00bb][et_pb_text _builder_version=\u00a0\u00bb4.17.1&Prime; header_font_size=\u00a0\u00bb43px\u00a0\u00bb header_3_font_size=\u00a0\u00bb20px\u00a0\u00bb header_5_text_color=\u00a0\u00bb#147cc2&Prime; header_5_font_size=\u00a0\u00bb14px\u00a0\u00bb header_5_letter_spacing=\u00a0\u00bb2px\u00a0\u00bb link_option_url=\u00a0\u00bbhttps:\/\/www.multione-schweiz.ch\/impressum\/\u00a0\u00bb global_colors_info=\u00a0\u00bb{}\u00a0\u00bb]<\/p>\n<h5>Multione Suisse<\/h5>\n<p>[\/et_pb_text][et_pb_text _builder_version=\u00a0\u00bb4.17.1&Prime; text_text_color=\u00a0\u00bb#b41412&Prime; header_font_size=\u00a0\u00bb43px\u00a0\u00bb header_3_font_size=\u00a0\u00bb20px\u00a0\u00bb header_5_text_color=\u00a0\u00bb#147cc2&Prime; header_5_font_size=\u00a0\u00bb14px\u00a0\u00bb custom_padding=\u00a0\u00bb2px||0px|||\u00a0\u00bb global_colors_info=\u00a0\u00bb{}\u00a0\u00bb]<\/p>\n<p>\n            <span style=\"color: #147cc2;\">Machines.<\/span><br \/>\n            <br \/>\n            <span style=\"color: #147cc2;\">services.<\/span><br \/>\n            <br \/>\n            <span style=\"color: #147cc2;\">success.<\/span>\n          <\/p>\n<p>[\/et_pb_text][\/et_pb_column][et_pb_column type=\u00a0\u00bb1_3&Prime; _builder_version=\u00a0\u00bb4.16&Prime; global_colors_info=\u00a0\u00bb{}\u00a0\u00bb][et_pb_text _builder_version=\u00a0\u00bb4.17.1&Prime; header_font_size=\u00a0\u00bb43px\u00a0\u00bb header_3_font_size=\u00a0\u00bb20px\u00a0\u00bb header_5_text_color=\u00a0\u00bb#147cc2&Prime; header_5_font_size=\u00a0\u00bb14px\u00a0\u00bb header_5_letter_spacing=\u00a0\u00bb3px\u00a0\u00bb custom_margin=\u00a0\u00bb||1px|||\u00a0\u00bb link_option_url=\u00a0\u00bbhttps:\/\/www.multione-schweiz.ch\/fr\/protection-des-donnees\/\u00a0\u00bb global_colors_info=\u00a0\u00bb{}\u00a0\u00bb]<\/p>\n<h5 style=\"text-align: left;\">Rechtliches &amp; Social Media<\/h5>\n<p>[\/et_pb_text][et_pb_text _builder_version=\u00a0\u00bb4.17.1&Prime; text_text_color=\u00a0\u00bb#147cc2&Prime; header_font_size=\u00a0\u00bb43px\u00a0\u00bb header_3_font_size=\u00a0\u00bb20px\u00a0\u00bb header_5_text_color=\u00a0\u00bb#147cc2&Prime; header_5_font_size=\u00a0\u00bb14px\u00a0\u00bb custom_margin=\u00a0\u00bb-12px||||false|false\u00a0\u00bb custom_padding=\u00a0\u00bb0px||0px||false|false\u00a0\u00bb global_colors_info=\u00a0\u00bb{}\u00a0\u00bb]<span style=\"color: #b41412;\"><a href=\"https:\/\/www.multione-schweiz.ch\/fr\/imprimer\/\" style=\"color: #b41412;\"><span style=\"color: #147cc2;\">Impressum<\/span><\/a><\/span><br \/>\n<span style=\"color: #147cc2;\"><a href=\"https:\/\/www.multione-schweiz.ch\/fr\/protection-des-donnees\/\" style=\"color: #147cc2;\">Datenschutz<br \/>\n<\/a><\/span><span style=\"color: #b41412;\"><a href=\"https:\/\/www.multione-schweiz.ch\/AGB\" style=\"color: #b41412;\"><span style=\"color: #147cc2;\">AGB<\/span> <br \/> <br \/>\n<\/a><\/span>[\/et_pb_text][et_pb_social_media_follow _builder_version=\u00a0\u00bb4.17.1&Prime; global_colors_info=\u00a0\u00bb{}\u00a0\u00bb][et_pb_social_media_follow_network social_network=\u00a0\u00bbfacebook\u00a0\u00bb url=\u00a0\u00bbhttps:\/\/www.facebook.com\/multihandling\/\u00a0\u00bb use_icon_font_size=\u00a0\u00bbon\u00a0\u00bb icon_font_size=\u00a0\u00bb19px\u00a0\u00bb _builder_version=\u00a0\u00bb4.17.1&Prime; background_color=\u00a0\u00bb#147cc2&Prime; background_enable_color=\u00a0\u00bbon\u00a0\u00bb global_colors_info=\u00a0\u00bb{}\u00a0\u00bb follow_button=\u00a0\u00bboff\u00a0\u00bb url_new_window=\u00a0\u00bbon\u00a0\u00bb]facebook[\/et_pb_social_media_follow_network][et_pb_social_media_follow_network social_network=\u00a0\u00bbinstagram\u00a0\u00bb url=\u00a0\u00bbhttps:\/\/instagram.com\/multi_handling?igshid=zulhr7dvrvug\u00a0\u00bb use_icon_font_size=\u00a0\u00bbon\u00a0\u00bb icon_font_size=\u00a0\u00bb19px\u00a0\u00bb _builder_version=\u00a0\u00bb4.17.1&Prime; background_color=\u00a0\u00bb#147cc2&Prime; background_enable_color=\u00a0\u00bbon\u00a0\u00bb global_colors_info=\u00a0\u00bb{}\u00a0\u00bb follow_button=\u00a0\u00bboff\u00a0\u00bb url_new_window=\u00a0\u00bbon\u00a0\u00bb]instagram[\/et_pb_social_media_follow_network][et_pb_social_media_follow_network social_network=\u00a0\u00bblinkedin\u00a0\u00bb url=\u00a0\u00bbhttps:\/\/www.linkedin.com\/company\/multi-handling-ag\u00a0\u00bb use_icon_font_size=\u00a0\u00bbon\u00a0\u00bb icon_font_size=\u00a0\u00bb19px\u00a0\u00bb _builder_version=\u00a0\u00bb4.17.1&Prime; background_color=\u00a0\u00bb#147cc2&Prime; background_enable_color=\u00a0\u00bbon\u00a0\u00bb global_colors_info=\u00a0\u00bb{}\u00a0\u00bb follow_button=\u00a0\u00bboff\u00a0\u00bb url_new_window=\u00a0\u00bbon\u00a0\u00bb]linkedin[\/et_pb_social_media_follow_network][\/et_pb_social_media_follow][\/et_pb_column][et_pb_column type=\u00a0\u00bb1_3&Prime; _builder_version=\u00a0\u00bb4.16&Prime; global_colors_info=\u00a0\u00bb{}\u00a0\u00bb][et_pb_text _builder_version=\u00a0\u00bb4.17.1&Prime; header_font_size=\u00a0\u00bb43px\u00a0\u00bb header_3_font_size=\u00a0\u00bb20px\u00a0\u00bb header_5_text_color=\u00a0\u00bb#147cc2&Prime; header_5_font_size=\u00a0\u00bb14px\u00a0\u00bb header_5_letter_spacing=\u00a0\u00bb2px\u00a0\u00bb global_colors_info=\u00a0\u00bb{}\u00a0\u00bb]<\/p>\n<h5>Contact<\/h5>\n<p>[\/et_pb_text][et_pb_text _builder_version=\u00a0\u00bb4.17.1&Prime; text_text_color=\u00a0\u00bb#147cc2&Prime; header_font_size=\u00a0\u00bb43px\u00a0\u00bb header_3_font_size=\u00a0\u00bb20px\u00a0\u00bb header_5_text_color=\u00a0\u00bb#147cc2&Prime; header_5_font_size=\u00a0\u00bb14px\u00a0\u00bb global_colors_info=\u00a0\u00bb{}\u00a0\u00bb]Multi-Handling AG<br \/>\nRue St. Urbanstrasse 34<br \/>\n4914 Roggwil BE<\/p>\n<p><span style=\"color: #339966;\"><a href=\"tel:+41625573790\" style=\"color: #147cc2;\">+41 62 557 37 90<\/a><\/span><br \/>\n<span style=\"color: #00ff00;\"><a href=\"mailto:info@multione-schweiz.ch\" style=\"color: #147cc2;\"><span style=\"color: ##147cc2;\">info@multione-schweiz.ch<\/span><\/a><\/span><\/p>\n<p><span style=\"text-decoration: underline;\">Service d&rsquo;assistance t\u00e9l\u00e9phonique<\/span><br \/>\n<span style=\"color: #339966;\"><a href=\"tel:+41625573792\" style=\"color: #147cc2;\">+41 62 557 37 92<\/a> <br \/> <br \/>\n<\/span><span style=\"color: #00ff00;\"><a href=\"mailto:service@multione-schweiz.ch\" style=\"color: #147cc2;\"><span style=\"color: #147cc2;\">service@multione-schweiz.ch<\/span><\/a><\/span><\/p>\n<p>[\/et_pb_text][\/et_pb_column][\/et_pb_row][\/et_pb_section]<\/p>\n","protected":false},"excerpt":{"rendered":"<p>Impressum Kontakt-Adresse Multi-Handling AGRue St. Urbanstrasse 344914 RoggwilSchweiz E-Mail:info@multione-schweiz.ch Vertretungsberechtigte Person(en) Sandro Matteucci,Pr\u00e9sident du Conseil d&rsquo;administration Inscription au registre du commerce Raison sociale enregistr\u00e9e : Multi Handling AGNum\u00e9ro de registre du commerce : CHE-220.898.707 num\u00e9ro de TVACHE-220.898.707 Haftungsausschluss L&rsquo;auteur n&rsquo;assume aucune responsabilit\u00e9 quant \u00e0 l&rsquo;exactitude, la pr\u00e9cision, l&rsquo;actualit\u00e9, la fiabilit\u00e9 et l&rsquo;exhaustivit\u00e9 des informations.Les r\u00e9clamations [&hellip;]<\/p>\n","protected":false},"author":1,"featured_media":0,"parent":0,"menu_order":0,"comment_status":"closed","ping_status":"closed","template":"","meta":{"_et_pb_use_builder":"on","_et_pb_old_content":"","_et_gb_content_width":""},"yoast_head":"<!-- This site is optimized with the Yoast SEO plugin v20.6 - https:\/\/yoast.com\/wordpress\/plugins\/seo\/ -->\n<title>imprimer - Multione Schweiz<\/title>\n<meta name=\"robots\" content=\"index, follow, max-snippet:-1, max-image-preview:large, max-video-preview:-1\" \/>\n<link rel=\"canonical\" href=\"https:\/\/www.multione-schweiz.ch\/fr\/imprimer\/\" \/>\n<meta name=\"twitter:card\" content=\"summary_large_image\" \/>\n<meta name=\"twitter:title\" content=\"imprimer - Multione Schweiz\" \/>\n<meta name=\"twitter:description\" content=\"Impressum Kontakt-Adresse Multi-Handling AGRue St. Urbanstrasse 344914 RoggwilSchweiz E-Mail:info@multione-schweiz.ch Vertretungsberechtigte Person(en) Sandro Matteucci,Pr\u00e9sident du Conseil d&#039;administration Inscription au registre du commerce Raison sociale enregistr\u00e9e : Multi Handling AGNum\u00e9ro de registre du commerce : CHE-220.898.707 num\u00e9ro de TVACHE-220.898.707 Haftungsausschluss L&#039;auteur n&#039;assume aucune responsabilit\u00e9 quant \u00e0 l&#039;exactitude, la pr\u00e9cision, l&#039;actualit\u00e9, la fiabilit\u00e9 et l&#039;exhaustivit\u00e9 des informations.Les r\u00e9clamations [&hellip;]\" \/>\n<meta name=\"twitter:label1\" content=\"Dur\u00e9e de lecture estim\u00e9e\" \/>\n\t<meta name=\"twitter:data1\" content=\"5 minutes\" \/>\n<script type=\"application\/ld+json\" class=\"yoast-schema-graph\">{\"@context\":\"https:\/\/schema.org\",\"@graph\":[{\"@type\":\"WebPage\",\"@id\":\"https:\/\/www.multione-schweiz.ch\/fr\/imprimer\/\",\"url\":\"https:\/\/www.multione-schweiz.ch\/fr\/imprimer\/\",\"name\":\"imprimer - Multione Schweiz\",\"isPartOf\":{\"@id\":\"https:\/\/www.multione-schweiz.ch\/fr\/#website\"},\"datePublished\":\"2023-09-16T15:12:51+00:00\",\"dateModified\":\"2023-09-16T15:12:56+00:00\",\"breadcrumb\":{\"@id\":\"https:\/\/www.multione-schweiz.ch\/fr\/imprimer\/#breadcrumb\"},\"inLanguage\":\"fr-FR\",\"potentialAction\":[{\"@type\":\"ReadAction\",\"target\":[\"https:\/\/www.multione-schweiz.ch\/fr\/imprimer\/\"]}]},{\"@type\":\"BreadcrumbList\",\"@id\":\"https:\/\/www.multione-schweiz.ch\/fr\/imprimer\/#breadcrumb\",\"itemListElement\":[{\"@type\":\"ListItem\",\"position\":1,\"name\":\"Startseite\",\"item\":\"https:\/\/www.multione-schweiz.ch\/fr\/maison\/\"},{\"@type\":\"ListItem\",\"position\":2,\"name\":\"imprimer\"}]},{\"@type\":\"WebSite\",\"@id\":\"https:\/\/www.multione-schweiz.ch\/fr\/#website\",\"url\":\"https:\/\/www.multione-schweiz.ch\/fr\/\",\"name\":\"Multione Schweiz\",\"description\":\"machines.services.success.\",\"potentialAction\":[{\"@type\":\"SearchAction\",\"target\":{\"@type\":\"EntryPoint\",\"urlTemplate\":\"https:\/\/www.multione-schweiz.ch\/fr\/?s={search_term_string}\"},\"query-input\":\"required name=search_term_string\"}],\"inLanguage\":\"fr-FR\"}]}<\/script>\n<!-- \/ Yoast SEO plugin. -->","yoast_head_json":{"title":"imprimer - Multione Schweiz","robots":{"index":"index","follow":"follow","max-snippet":"max-snippet:-1","max-image-preview":"max-image-preview:large","max-video-preview":"max-video-preview:-1"},"canonical":"https:\/\/www.multione-schweiz.ch\/fr\/imprimer\/","twitter_card":"summary_large_image","twitter_title":"imprimer - Multione Schweiz","twitter_description":"Impressum Kontakt-Adresse Multi-Handling AGRue St. Urbanstrasse 344914 RoggwilSchweiz E-Mail:info@multione-schweiz.ch Vertretungsberechtigte Person(en) Sandro Matteucci,Pr\u00e9sident du Conseil d'administration Inscription au registre du commerce Raison sociale enregistr\u00e9e : Multi Handling AGNum\u00e9ro de registre du commerce : CHE-220.898.707 num\u00e9ro de TVACHE-220.898.707 Haftungsausschluss L'auteur n'assume aucune responsabilit\u00e9 quant \u00e0 l'exactitude, la pr\u00e9cision, l'actualit\u00e9, la fiabilit\u00e9 et l'exhaustivit\u00e9 des informations.Les r\u00e9clamations [&hellip;]","twitter_misc":{"Dur\u00e9e de lecture estim\u00e9e":"5 minutes"},"schema":{"@context":"https:\/\/schema.org","@graph":[{"@type":"WebPage","@id":"https:\/\/www.multione-schweiz.ch\/fr\/imprimer\/","url":"https:\/\/www.multione-schweiz.ch\/fr\/imprimer\/","name":"imprimer - Multione Schweiz","isPartOf":{"@id":"https:\/\/www.multione-schweiz.ch\/fr\/#website"},"datePublished":"2023-09-16T15:12:51+00:00","dateModified":"2023-09-16T15:12:56+00:00","breadcrumb":{"@id":"https:\/\/www.multione-schweiz.ch\/fr\/imprimer\/#breadcrumb"},"inLanguage":"fr-FR","potentialAction":[{"@type":"ReadAction","target":["https:\/\/www.multione-schweiz.ch\/fr\/imprimer\/"]}]},{"@type":"BreadcrumbList","@id":"https:\/\/www.multione-schweiz.ch\/fr\/imprimer\/#breadcrumb","itemListElement":[{"@type":"ListItem","position":1,"name":"Startseite","item":"https:\/\/www.multione-schweiz.ch\/fr\/maison\/"},{"@type":"ListItem","position":2,"name":"imprimer"}]},{"@type":"WebSite","@id":"https:\/\/www.multione-schweiz.ch\/fr\/#website","url":"https:\/\/www.multione-schweiz.ch\/fr\/","name":"Multione Schweiz","description":"machines.services.success.","potentialAction":[{"@type":"SearchAction","target":{"@type":"EntryPoint","urlTemplate":"https:\/\/www.multione-schweiz.ch\/fr\/?s={search_term_string}"},"query-input":"required name=search_term_string"}],"inLanguage":"fr-FR"}]}},"_links":{"self":[{"href":"https:\/\/www.multione-schweiz.ch\/fr\/wp-json\/wp\/v2\/pages\/13287"}],"collection":[{"href":"https:\/\/www.multione-schweiz.ch\/fr\/wp-json\/wp\/v2\/pages"}],"about":[{"href":"https:\/\/www.multione-schweiz.ch\/fr\/wp-json\/wp\/v2\/types\/page"}],"author":[{"embeddable":true,"href":"https:\/\/www.multione-schweiz.ch\/fr\/wp-json\/wp\/v2\/users\/1"}],"replies":[{"embeddable":true,"href":"https:\/\/www.multione-schweiz.ch\/fr\/wp-json\/wp\/v2\/comments?post=13287"}],"version-history":[{"count":2,"href":"https:\/\/www.multione-schweiz.ch\/fr\/wp-json\/wp\/v2\/pages\/13287\/revisions"}],"predecessor-version":[{"id":13289,"href":"https:\/\/www.multione-schweiz.ch\/fr\/wp-json\/wp\/v2\/pages\/13287\/revisions\/13289"}],"wp:attachment":[{"href":"https:\/\/www.multione-schweiz.ch\/fr\/wp-json\/wp\/v2\/media?parent=13287"}],"curies":[{"name":"wp","href":"https:\/\/api.w.org\/{rel}","templated":true}]}}